{"id":206,"date":"2024-12-21T12:49:39","date_gmt":"2024-12-21T09:49:39","guid":{"rendered":"https:\/\/demo.wt.tr\/kisisel-gelisim\/contact\/"},"modified":"2024-12-21T14:25:38","modified_gmt":"2024-12-21T11:25:38","slug":"iletisim","status":"publish","type":"page","link":"https:\/\/demo.wt.tr\/kisisel-gelisim\/iletisim\/","title":{"rendered":"\u0130leti\u015fim"},"content":{"rendered":"\n<div class=\"section-wrapper\" data-id=\"r4ZEvF\"><section class=\"wp-block-gutenverse-section guten-element guten-section guten-r4ZEvF layout-boxed align-stretch\"><div class=\"guten-container guten-column-gap-no\">\n<div class=\"wp-block-gutenverse-column guten-element guten-column guten-RnkHNK\"><div class=\"guten-column-wrapper\" data-id=\"RnkHNK\">\n<div class=\"wp-block-gutenverse-image guten-element guten-image guten-lg2al3\"><div class=\"guten-image-wrapper\"><img loading=\"lazy\" decoding=\"async\" class=\"gutenverse-image-box-filled\" src=\"https:\/\/demo.wt.tr\/kisisel-gelisim\/wp-content\/uploads\/sites\/4\/2024\/12\/Logo_Lyfes-1.png\" height=\"98\" width=\"186\"\/><\/div><\/div>\n<\/div><\/div>\n\n\n\n<div class=\"wp-block-gutenverse-column guten-element guten-column guten-TOkG0E\"><div class=\"guten-column-wrapper\" data-id=\"TOkG0E\"><div id=\"guten-HB9K81\" class=\"guten-element guten-nav-menu nav-menu break-point-tablet submenu-click-title \" data-item-indicator=\"gtn gtn-chevron-down-line\" data-close-on-click=\"1\">\n\t\t\t<div class=\"gutenverse-hamburger-wrapper\">\n\t\t\t\t<button class=\"gutenverse-hamburger-menu\">\n\t\t\t\t\t<i aria-hidden=\"true\" class=\"gtn gtn-bars-solid\"><\/i>\n\t\t\t\t<\/button>\n\t\t\t<\/div>\n\t\t\t\n\t\t\t<div class=\"gutenverse-menu-wrapper\"><div class=\"gutenverse-menu-container\"><ul id=\"menu-lyfes-1\" class=\"gutenverse-menu\"><li id=\"menu-item-52\" class=\"menu-item menu-item-type-custom menu-item-object-custom menu-item-home menu-item-52\"><a href=\"javascript:void(0);\" data-href=\"https:\/\/demo.wt.tr\/kisisel-gelisim\/\">Anasayfa<\/a><\/li>\n<li id=\"menu-item-239\" class=\"menu-item menu-item-type-post_type menu-item-object-page menu-item-239\"><a href=\"javascript:void(0);\" data-href=\"https:\/\/demo.wt.tr\/kisisel-gelisim\/hakkimda\/\">Hakk\u0131mda<\/a><\/li>\n<li id=\"menu-item-240\" class=\"menu-item menu-item-type-post_type menu-item-object-page menu-item-240\"><a href=\"javascript:void(0);\" data-href=\"https:\/\/demo.wt.tr\/kisisel-gelisim\/hizmetlerim\/\">Hizmetlerim<\/a><\/li>\n<li id=\"menu-item-55\" class=\"menu-item menu-item-type-custom menu-item-object-custom menu-item-has-children menu-item-55\"><a href=\"javascript:void(0);\" data-href=\"#\">Sayfalar<\/a>\n<ul class=\"sub-menu\">\n\t<li id=\"menu-item-241\" class=\"menu-item menu-item-type-post_type menu-item-object-page menu-item-241\"><a href=\"javascript:void(0);\" data-href=\"https:\/\/demo.wt.tr\/kisisel-gelisim\/planlarimiz\/\">Planlar\u0131m\u0131z<\/a><\/li>\n\t<li id=\"menu-item-242\" class=\"menu-item menu-item-type-post_type menu-item-object-page menu-item-242\"><a href=\"javascript:void(0);\" data-href=\"https:\/\/demo.wt.tr\/kisisel-gelisim\/randevu\/\">Randevu<\/a><\/li>\n\t<li id=\"menu-item-243\" class=\"menu-item menu-item-type-post_type menu-item-object-page menu-item-243\"><a href=\"javascript:void(0);\" data-href=\"https:\/\/demo.wt.tr\/kisisel-gelisim\/sss\/\">S.S.S<\/a><\/li>\n<\/ul>\n<\/li>\n<li id=\"menu-item-59\" class=\"menu-item menu-item-type-custom menu-item-object-custom menu-item-59\"><a href=\"javascript:void(0);\" data-href=\"https:\/\/demo.wt.tr\/kisisel-gelisim\/blog\/\">Blog<\/a><\/li>\n<li id=\"menu-item-244\" class=\"menu-item menu-item-type-post_type menu-item-object-page menu-item-244\"><a href=\"javascript:void(0);\" data-href=\"https:\/\/demo.wt.tr\/kisisel-gelisim\/iletisim\/\">\u0130leti\u015fim<\/a><\/li>\n<\/ul><\/div>\n\t\t\t\t<div>\n\t\t\t\t\t<div class=\"gutenverse-nav-identity-panel\">\n\t\t\t\t\t\t<div class=\"gutenverse-nav-site-title\">\n\t\t\t\t\t\t\t<a href=\"https:\/\/demo.wt.tr\/kisisel-gelisim\" class=\"gutenverse-nav-logo\"><img decoding=\"async\" src=\"https:\/\/demo.wt.tr\/kisisel-gelisim\/wp-content\/uploads\/sites\/4\/2024\/12\/Logo_Lyfes-1.png\" alt=\"Wordpress Ki\u015fisel Geli\u015fim Temas\u0131 - \"><\/a>\n\t\t\t\t\t\t<\/div>\n\t\t\t\t\t\t<button class=\"gutenverse-close-menu\"><i aria-hidden=\"true\" class=\"gtn gtn-times-solid\"><\/i><\/button>\n\t\t\t\t\t<\/div>\n\t\t\t\t<\/div>\n\t\t\t<\/div>\n\t\t<\/div><\/div><\/div>\n\n\n\n<div class=\"wp-block-gutenverse-column guten-element guten-column guten-QX2LTt hide-tablet hide-mobile\"><div class=\"guten-column-wrapper\" data-id=\"QX2LTt\">\n<div class=\"guten-element guten-social-icons guten-7kKVCx rounded horizontal fill\">\n<div class=\"guten-element guten-social-icon guten-p8Mxtz instagram\"><a id=\"guten-p8Mxtz\" href=\"#\"><i class=\"fab fa-instagram\"><\/i><\/a><\/div>\n\n\n\n<div class=\"guten-element guten-social-icon guten-IYMVQ9 twitter\"><a id=\"guten-IYMVQ9\" href=\"#\"><i class=\"fab fa-x-twitter\"><\/i><\/a><\/div>\n\n\n\n<div class=\"guten-element guten-social-icon guten-uHf2SR youtube\"><a id=\"guten-uHf2SR\" href=\"#\"><i class=\"fab fa-youtube\"><\/i><\/a><\/div>\n<\/div>\n<\/div><\/div>\n<\/div><\/section><\/div>\n\n\n\n<div class=\"section-wrapper\" data-id=\"SReJtV\"><section class=\"wp-block-gutenverse-section guten-element guten-section guten-SReJtV layout-boxed align-stretch\"><div class=\"guten-container guten-column-gap-no\">\n<div class=\"wp-block-gutenverse-column guten-element guten-column guten-Tpi3Lr\"><div class=\"guten-column-wrapper\" data-id=\"Tpi3Lr\">\n<div class=\"wp-block-gutenverse-image guten-element guten-image guten-odN6O3\"><div class=\"guten-image-wrapper\"><img loading=\"lazy\" decoding=\"async\" class=\"gutenverse-image-box-filled\" src=\"https:\/\/demo.wt.tr\/kisisel-gelisim\/wp-content\/uploads\/sites\/4\/2024\/12\/ornamen-star-one.png\" height=\"246\" width=\"195\"\/><\/div><\/div>\n\n\n\n<div class=\"wp-block-gutenverse-image guten-element guten-image guten-0XcjpK\"><div class=\"guten-image-wrapper\"><img loading=\"lazy\" decoding=\"async\" class=\"gutenverse-image-box-filled\" src=\"https:\/\/demo.wt.tr\/kisisel-gelisim\/wp-content\/uploads\/sites\/4\/2024\/12\/ornamen-star-two.png\" height=\"159\" width=\"155\"\/><\/div><\/div>\n\n\n\n<h1 class=\"wp-block-gutenverse-heading guten-element guten-qlaspV\">\u0130leti\u015fim<\/h1>\n\n\n\n<div class=\"guten-element gutenverse-text-editor guten-8Sw56T\"><div class=\"text-content-inner\">\n<p>Reach me by filling form below<\/p>\n<\/div><\/div>\n<\/div><\/div>\n<\/div><\/section><\/div>\n\n\n\n<div class=\"section-wrapper\" data-id=\"FEr0DD\"><section class=\"wp-block-gutenverse-section guten-element guten-section guten-FEr0DD layout-boxed align-stretch\"><div class=\"guten-container guten-column-gap-no\">\n<div class=\"wp-block-gutenverse-column guten-element guten-column guten-eY9U6u\"><div class=\"guten-column-wrapper\" data-id=\"eY9U6u\">\n<div class=\"guten-element guten-3yNSma guten-icon-box icon-position-left\"><div class=\"guten-icon-box-wrapper hover-from-left\"><div class=\"icon-box icon-box-header\"><div class=\"icon style-color\"><i class=\"fas fa-phone\"><\/i><\/div><\/div><div class=\"icon-box icon-box-body\"><h3 class=\"title\">Telefon Numaram\u0131z<\/h3><\/div><\/div><\/div>\n\n\n\n<div class=\"guten-element gutenverse-text-editor guten-NJ2URU\"><div class=\"text-content-inner\">\n<p>(+90) 850 305 50 52\u200b<\/p>\n<\/div><\/div>\n<\/div><\/div>\n\n\n\n<div class=\"wp-block-gutenverse-column guten-element guten-column guten-R5JQYp\"><div class=\"guten-column-wrapper\" data-id=\"R5JQYp\">\n<div class=\"guten-element guten-m8bTLB guten-icon-box icon-position-left\"><div class=\"guten-icon-box-wrapper hover-from-left\"><div class=\"icon-box icon-box-header\"><div class=\"icon style-color\"><i class=\"fas fa-envelope\"><\/i><\/div><\/div><div class=\"icon-box icon-box-body\"><h3 class=\"title\">E-Mail Adresimiz<\/h3><\/div><\/div><\/div>\n\n\n\n<div class=\"guten-element gutenverse-text-editor guten-ptRAgm\"><div class=\"text-content-inner\">\n<p>destek@wt.tr<\/p>\n<\/div><\/div>\n<\/div><\/div>\n\n\n\n<div class=\"wp-block-gutenverse-column guten-element guten-column guten-2FqEJ2\"><div class=\"guten-column-wrapper\" data-id=\"2FqEJ2\">\n<div class=\"guten-element guten-YqW1Lt guten-icon-box icon-position-left\"><div class=\"guten-icon-box-wrapper hover-from-left\"><div class=\"icon-box icon-box-header\"><div class=\"icon style-color\"><i class=\"fas fa-map-marker-alt\"><\/i><\/div><\/div><div class=\"icon-box icon-box-body\"><h3 class=\"title\">Adresimiz<\/h3><\/div><\/div><\/div>\n\n\n\n<div class=\"guten-element gutenverse-text-editor guten-wy0ywJ\"><div class=\"text-content-inner\">\n<p>Canggu, Badung Regency, Bali<\/p>\n<\/div><\/div>\n<\/div><\/div>\n<\/div><\/section><\/div>\n\n\n\n<div class=\"section-wrapper\" data-id=\"aREJHS\"><section class=\"wp-block-gutenverse-section guten-element guten-section guten-aREJHS layout-boxed align-stretch\"><div class=\"guten-container guten-column-gap-no\">\n<div class=\"wp-block-gutenverse-column guten-element guten-column guten-jVMKIB\"><div class=\"guten-column-wrapper\" data-id=\"jVMKIB\">\n<div class=\"guten-element guten-advanced-heading guten-dhL76w\"><span class=\"heading-subtitle\">\u0130leti\u015fim<\/span><div class=\"heading-section \"><h2 class=\"heading-title\"><span class=\"heading-title\">\u0130leti\u015fime <\/span><span class=\"heading-focus\">Ge\u00e7in<\/span><\/h2><\/div><\/div>\n\n\n\n<div class=\"guten-element gutenverse-text-editor guten-1LnBGL\"><div class=\"text-content-inner\">\n<p>Lorem ipsum dolor sit amet, consectetur adipiscing elit. Ut elit tellus, luctus nec ullamcorper mattis, pulvinar dapibus leo.<\/p>\n<\/div><\/div>\n\n\n\n<div class=\"guten-element gutenverse-maps guten-haolOz\"><iframe frameborder=\"0\" scrolling=\"no\" marginheight=\"0\" marginwidth=\"0\" src=\"https:\/\/maps.google.com\/maps?q=jalan%20batu%20mejan%2C%20canggu%2C%20Badung%20regency%2C%20bali&amp;z=16&amp;t=m&amp;output=embed&amp;iwloc=near\" title=\"jalan batu mejan, canggu, Badung regency, bali\"><\/iframe><\/div>\n\n\n\n<div class=\"section-wrapper\" data-id=\"7DVYH6\"><section class=\"wp-block-gutenverse-section guten-element guten-section guten-7DVYH6 layout-boxed align-stretch\"><div class=\"guten-container guten-column-gap-no\">\n<div class=\"wp-block-gutenverse-column guten-element guten-column guten-0BII2L\"><div class=\"guten-column-wrapper\" data-id=\"0BII2L\">\n<div class=\"guten-element gutenverse-text-editor guten-na5rwv\"><div class=\"text-content-inner\">\n<p>Sosyal Medya :<\/p>\n<\/div><\/div>\n\n\n\n<div class=\"guten-element guten-social-icons guten-DuwCbM rounded horizontal fill\">\n<div class=\"guten-element guten-social-icon guten-4voMKe facebook\"><a id=\"guten-4voMKe\" href=\"#\"><i class=\"fab fa-facebook-f\"><\/i><\/a><\/div>\n\n\n\n<div class=\"guten-element guten-social-icon guten-PmAjgY twitter\"><a id=\"guten-PmAjgY\" href=\"#\"><i class=\"fab fa-x-twitter\"><\/i><\/a><\/div>\n\n\n\n<div class=\"guten-element guten-social-icon guten-6kQgMB instagram\"><a id=\"guten-6kQgMB\" href=\"#\"><i class=\"fab fa-instagram\"><\/i><\/a><\/div>\n\n\n\n<div class=\"guten-element guten-social-icon guten-cFbuWA youtube\"><a id=\"guten-cFbuWA\" href=\"#\"><i class=\"gtn gtn-youtube-v-light\"><\/i><\/a><\/div>\n<\/div>\n<\/div><\/div>\n<\/div><\/section><\/div>\n<\/div><\/div>\n\n\n\n<div class=\"wp-block-gutenverse-column guten-element guten-column guten-4uHixc\"><div class=\"guten-column-wrapper\" data-id=\"4uHixc\">\n<form style=\"display:none\" class=\"guten-element guten-form-builder guten-FnCvGf\" data-form-id=\"621\">\n<div class=\"section-wrapper\" data-id=\"tGE7po\"><section class=\"wp-block-gutenverse-section guten-element guten-section guten-tGE7po layout-boxed align-stretch\"><div class=\"guten-container guten-column-gap-no\">\n<div class=\"wp-block-gutenverse-column guten-element guten-column guten-Mg7j23\"><div class=\"guten-column-wrapper\" data-id=\"Mg7j23\">\n<div class=\"guten-element guten-form-input-text guten-form-input guten-input-position-top guten-h0jDd3 hide-helper\"><div class=\"label-wrapper\"><label class=\"input-label\">Ad\u0131n\u0131z<\/label><span class=\"required-badge\">*<\/span><\/div><div class=\"main-wrapper\"><input data-validation=\"{&quot;type&quot;:&quot;text&quot;,&quot;required&quot;:true,&quot;validationType&quot;:&quot;none&quot;,&quot;validationWarning&quot;:&quot;Input Invalid&quot;}\" placeholder=\"first name\" name=\"input-text-name\" class=\"gutenverse-input gutenverse-input-text\" type=\"text\"\/><div class=\"validation-error\">Input Invalid<\/div><\/div><\/div>\n<\/div><\/div>\n\n\n\n<div class=\"wp-block-gutenverse-column guten-element guten-column guten-3n56ZS\"><div class=\"guten-column-wrapper\" data-id=\"3n56ZS\">\n<div class=\"guten-element guten-form-input-text guten-form-input guten-input-position-top guten-fVAAX5 hide-helper\"><div class=\"label-wrapper\"><label class=\"input-label\">Soyad\u0131n\u0131z<\/label><span class=\"required-badge\">*<\/span><\/div><div class=\"main-wrapper\"><input data-validation=\"{&quot;type&quot;:&quot;text&quot;,&quot;required&quot;:true,&quot;validationType&quot;:&quot;none&quot;,&quot;validationWarning&quot;:&quot;Input Invalid&quot;}\" placeholder=\"last name\" name=\"input-text-name\" class=\"gutenverse-input gutenverse-input-text\" type=\"text\"\/><div class=\"validation-error\">Input Invalid<\/div><\/div><\/div>\n<\/div><\/div>\n<\/div><\/section><\/div>\n\n\n\n<div class=\"guten-element guten-form-input-email guten-form-input guten-input-position-top guten-IJpyYb hide-helper\"><div class=\"label-wrapper\"><label class=\"input-label\">E-Mail Adresiniz<\/label><span class=\"required-badge\">*<\/span><\/div><div class=\"main-wrapper\"><input data-validation=\"{&quot;type&quot;:&quot;email&quot;,&quot;required&quot;:true,&quot;validationType&quot;:&quot;none&quot;,&quot;validationWarning&quot;:&quot;Input Invalid&quot;}\" placeholder=\"user@website.com\" name=\"input-email\" class=\"gutenverse-input gutenverse-input-email\" type=\"email\"\/><div class=\"validation-error\">Input Invalid<\/div><\/div><\/div>\n\n\n\n<div class=\"guten-element guten-form-input-textarea guten-form-input guten-input-position-top guten-nIIa96 hide-helper\"><div class=\"label-wrapper\"><label class=\"input-label\">Sorular\u0131n\u0131z<\/label><span class=\"required-badge\">*<\/span><\/div><div class=\"main-wrapper\"><textarea data-validation=\"{&quot;type&quot;:&quot;textarea&quot;,&quot;required&quot;:true,&quot;validationType&quot;:&quot;none&quot;,&quot;validationWarning&quot;:&quot;Input Invalid&quot;}\" placeholder=\"what you need help with\" name=\"input-textarea\" class=\"gutenverse-input gutenverse-input-text\"><\/textarea><div class=\"validation-error\">Input Invalid<\/div><\/div><\/div>\n\n\n\n<div class=\"guten-element guten-button-wrapper guten-submit-wrapper guten-7Sr7Ac\"><div class=\"form-notification\"><\/div><button class=\"guten-button gutenverse-input-submit guten-button-sm\" type=\"submit\"><span>Mesaj G\u00f6nder<\/span><\/button><div class=\"gutenverse-input-submit-loader\"><i class=\"fas fa-spinner fa-spin\"><\/i><\/div><\/div>\n<\/form>\n<\/div><\/div>\n<\/div><\/section><\/div>\n\n\n\n<div class=\"section-wrapper\" data-id=\"C9zPMo\"><section class=\"wp-block-gutenverse-section guten-element guten-section guten-C9zPMo layout-boxed align-stretch\"><div class=\"guten-container guten-column-gap-no\">\n<div class=\"wp-block-gutenverse-column guten-element guten-column guten-xD79au\"><div class=\"guten-column-wrapper\" data-id=\"xD79au\">\n<div class=\"section-wrapper\" data-id=\"14AKvO\"><section class=\"wp-block-gutenverse-section guten-element guten-section guten-14AKvO layout-boxed align-stretch\"><div class=\"guten-background-overlay\"><\/div><div class=\"guten-container guten-column-gap-no\">\n<div class=\"wp-block-gutenverse-column guten-element guten-column guten-knlbRb\"><div class=\"guten-column-wrapper\" data-id=\"knlbRb\">\n<h2 class=\"wp-block-gutenverse-heading guten-element guten-4js7Ih\">Bloglar\u0131m\u0131zdan Haberdar olun<\/h2>\n\n\n\n<div class=\"guten-element gutenverse-text-editor guten-iBNT6j\"><div class=\"text-content-inner\">\n<p>En son haberlerimiz ve tekliflerimiz i\u00e7in bildirim al\u0131n<\/p>\n<\/div><\/div>\n\n\n\n<form style=\"display:none\" class=\"guten-element guten-form-builder guten-rX4ZHM\" data-form-id=\"305\">\n<div class=\"section-wrapper\" data-id=\"pqf7J6\"><section class=\"wp-block-gutenverse-section guten-element guten-section guten-pqf7J6 layout-boxed align-stretch\"><div class=\"guten-container guten-column-gap-no\">\n<div class=\"wp-block-gutenverse-column guten-element guten-column guten-ve9B2R\"><div class=\"guten-column-wrapper\" data-id=\"ve9B2R\">\n<div class=\"guten-element guten-form-input-email guten-form-input guten-input-position-top guten-veHfQu hide-label hide-helper\"><div class=\"label-wrapper\"><\/div><div class=\"main-wrapper\"><input data-validation=\"{&quot;type&quot;:&quot;email&quot;,&quot;required&quot;:false,&quot;validationType&quot;:&quot;none&quot;,&quot;validationWarning&quot;:&quot;Input Invalid&quot;}\" placeholder=\"Your Email Address\" name=\"input-email\" class=\"gutenverse-input gutenverse-input-email\" type=\"email\"\/><div class=\"validation-error\">Input Invalid<\/div><\/div><\/div>\n\n\n\n<div class=\"guten-element guten-button-wrapper guten-submit-wrapper guten-bnXqpf\"><div class=\"form-notification\"><\/div><button class=\"guten-button gutenverse-input-submit guten-button-sm\" type=\"submit\"><span>Hemen Kaydol<\/span><\/button><div class=\"gutenverse-input-submit-loader\"><i class=\"fas fa-spinner fa-spin\"><\/i><\/div><\/div>\n<\/div><\/div>\n<\/div><\/section><\/div>\n<\/form>\n<\/div><\/div>\n<\/div><\/section><\/div>\n\n\n\n<div class=\"section-wrapper\" data-id=\"CQWfBX\"><section class=\"wp-block-gutenverse-section guten-element guten-section guten-CQWfBX layout-boxed align-stretch\"><div class=\"guten-container guten-column-gap-no\">\n<div class=\"wp-block-gutenverse-column guten-element guten-column guten-i4QnMG\"><div class=\"guten-column-wrapper\" data-id=\"i4QnMG\">\n<h3 class=\"wp-block-gutenverse-heading guten-element guten-lemJr7\">\u0130leti\u015fim<\/h3>\n\n\n\n<div class=\"guten-element guten-icon-list guten-Zpakw2\">\n<div class=\"guten-element guten-icon-list-item guten-p4jWMR\"><a id=\"guten-p4jWMR\"><span class=\"list-text no-icon\">Jalan Batu Mejan, Canggu, Badung Regency, Bali<\/span><\/a><\/div>\n\n\n\n<div class=\"guten-element guten-icon-list-item guten-OnkNHn\"><a id=\"guten-OnkNHn\"><span class=\"list-text no-icon\">(+62) 8123 456 789<\/span><\/a><\/div>\n\n\n\n<div class=\"guten-element guten-icon-list-item guten-ClksOf\"><a id=\"guten-ClksOf\"><span class=\"list-text no-icon\">test@wt.tr<\/span><\/a><\/div>\n<\/div>\n<\/div><\/div>\n\n\n\n<div class=\"wp-block-gutenverse-column guten-element guten-column guten-bHtgrC\"><div class=\"guten-column-wrapper\" data-id=\"bHtgrC\">\n<div class=\"wp-block-gutenverse-image guten-element guten-image guten-2UriPB\"><div class=\"guten-image-wrapper\"><img loading=\"lazy\" decoding=\"async\" class=\"gutenverse-image-box-filled\" src=\"https:\/\/demo.wt.tr\/kisisel-gelisim\/wp-content\/uploads\/sites\/4\/2024\/12\/logo-white-1.png\" height=\"240\" width=\"440\"\/><\/div><\/div>\n\n\n\n<div class=\"guten-element gutenverse-text-editor guten-VAAON7\"><div class=\"text-content-inner\">\n<p>Lorem ipsum dolor sit amet, consectetur adipiscing elit. Ut elit tellus.<a target=\"_blank\" rel=\"noreferrer noopener\"><\/a><\/p>\n<\/div><\/div>\n\n\n\n<div class=\"guten-element guten-social-icons guten-ZT01tB rounded horizontal fill\">\n<div class=\"guten-element guten-social-icon guten-uZWAJG instagram\"><a id=\"guten-uZWAJG\" href=\"#\"><i class=\"fab fa-instagram\"><\/i><\/a><\/div>\n\n\n\n<div class=\"guten-element guten-social-icon guten-uzCaGo twitter\"><a id=\"guten-uzCaGo\" href=\"#\"><i class=\"fab fa-x-twitter\"><\/i><\/a><\/div>\n\n\n\n<div class=\"guten-element guten-social-icon guten-85f6ZR youtube\"><a id=\"guten-85f6ZR\" href=\"#\"><i class=\"gtn gtn-youtube-v-light\"><\/i><\/a><\/div>\n<\/div>\n<\/div><\/div>\n\n\n\n<div class=\"wp-block-gutenverse-column guten-element guten-column guten-2dwOHv\"><div class=\"guten-column-wrapper\" data-id=\"2dwOHv\">\n<h3 class=\"wp-block-gutenverse-heading guten-element guten-rD0Zya\">Men\u00fc<\/h3>\n\n\n\n<div class=\"guten-element guten-icon-list guten-F5b1Rb\">\n<div class=\"guten-element guten-icon-list-item guten-UuoAYP\"><a id=\"guten-UuoAYP\" href=\"#\"><span class=\"list-text no-icon\">Hakk\u0131mda<\/span><\/a><\/div>\n\n\n\n<div class=\"guten-element guten-icon-list-item guten-3K94M9\"><a id=\"guten-3K94M9\" href=\"#\"><span class=\"list-text no-icon\">Hizmetlerimiz<\/span><\/a><\/div>\n\n\n\n<div class=\"guten-element guten-icon-list-item guten-1ygpe6\"><a id=\"guten-1ygpe6\" href=\"#\"><span class=\"list-text no-icon\">Blog<\/span><\/a><\/div>\n\n\n\n<div class=\"guten-element guten-icon-list-item guten-A8wTCp\"><a id=\"guten-A8wTCp\" href=\"#\"><span class=\"list-text no-icon\">\u0130leti\u015fim<\/span><\/a><\/div>\n<\/div>\n<\/div><\/div>\n<\/div><\/section><\/div>\n\n\n\n<div class=\"section-wrapper\" data-id=\"GPUeRE\"><section class=\"wp-block-gutenverse-section guten-element guten-section guten-GPUeRE layout-boxed align-stretch\"><div class=\"guten-container guten-column-gap-no\">\n<div class=\"wp-block-gutenverse-column guten-element guten-column guten-QZjV7S\"><div class=\"guten-column-wrapper\" data-id=\"QZjV7S\">\n<div class=\"guten-element gutenverse-text-editor guten-lFxfHA\"><div class=\"text-content-inner\">\n<p>Ki\u015fisel Geli\u015fim WordPress Temas\u0131 by <a href=\"https:\/\/wt.tr\" target=\"_blank\" rel=\"noreferrer noopener\">wt.tr<\/a><br><\/p>\n<\/div><\/div>\n<\/div><\/div>\n\n\n\n<div class=\"wp-block-gutenverse-column guten-element guten-column guten-cttKK1\"><div class=\"guten-column-wrapper\" data-id=\"cttKK1\">\n<div class=\"guten-element gutenverse-text-editor guten-gs5hWQ\"><div class=\"text-content-inner\">\n<p>Copyright \u00a9 2024. T\u00fcm Haklar\u0131m\u0131z Sakl\u0131d\u0131r.<\/p>\n<\/div><\/div>\n<\/div><\/div>\n<\/div><\/section><\/div>\n<\/div><\/div>\n<\/div><\/section><\/div>\n","protected":false},"excerpt":{"rendered":"","protected":false},"author":1,"featured_media":0,"parent":0,"menu_order":0,"comment_status":"closed","ping_status":"closed","template":"blank-canvas","meta":{"footnotes":""},"class_list":["post-206","page","type-page","status-publish","hentry"],"_links":{"self":[{"href":"https:\/\/demo.wt.tr\/kisisel-gelisim\/wp-json\/wp\/v2\/pages\/206","targetHints":{"allow":["GET"]}}],"collection":[{"href":"https:\/\/demo.wt.tr\/kisisel-gelisim\/wp-json\/wp\/v2\/pages"}],"about":[{"href":"https:\/\/demo.wt.tr\/kisisel-gelisim\/wp-json\/wp\/v2\/types\/page"}],"author":[{"embeddable":true,"href":"https:\/\/demo.wt.tr\/kisisel-gelisim\/wp-json\/wp\/v2\/users\/1"}],"replies":[{"embeddable":true,"href":"https:\/\/demo.wt.tr\/kisisel-gelisim\/wp-json\/wp\/v2\/comments?post=206"}],"version-history":[{"count":3,"href":"https:\/\/demo.wt.tr\/kisisel-gelisim\/wp-json\/wp\/v2\/pages\/206\/revisions"}],"predecessor-version":[{"id":234,"href":"https:\/\/demo.wt.tr\/kisisel-gelisim\/wp-json\/wp\/v2\/pages\/206\/revisions\/234"}],"wp:attachment":[{"href":"https:\/\/demo.wt.tr\/kisisel-gelisim\/wp-json\/wp\/v2\/media?parent=206"}],"curies":[{"name":"wp","href":"https:\/\/api.w.org\/{rel}","templated":true}]}}