{"id":205,"date":"2024-12-21T12:49:35","date_gmt":"2024-12-21T09:49:35","guid":{"rendered":"https:\/\/demo.wt.tr\/kisisel-gelisim\/blog\/"},"modified":"2024-12-21T12:49:35","modified_gmt":"2024-12-21T09:49:35","slug":"blog","status":"publish","type":"page","link":"https:\/\/demo.wt.tr\/kisisel-gelisim\/blog\/","title":{"rendered":"Blog"},"content":{"rendered":"\n<div class=\"section-wrapper\" data-id=\"r4ZEvF\"><section class=\"wp-block-gutenverse-section guten-element guten-section guten-r4ZEvF layout-boxed align-stretch\"><div class=\"guten-container guten-column-gap-no\">\n<div class=\"wp-block-gutenverse-column guten-element guten-column guten-RnkHNK\"><div class=\"guten-column-wrapper\" data-id=\"RnkHNK\">\n<div class=\"wp-block-gutenverse-image guten-element guten-image guten-lg2al3\"><div class=\"guten-image-wrapper\"><img loading=\"lazy\" decoding=\"async\" class=\"gutenverse-image-box-filled\" src=\"https:\/\/demo.wt.tr\/kisisel-gelisim\/wp-content\/uploads\/sites\/4\/2024\/12\/Logo_Lyfes-1.png\" height=\"98\" width=\"186\"\/><\/div><\/div>\n<\/div><\/div>\n\n\n\n<div class=\"wp-block-gutenverse-column guten-element guten-column guten-TOkG0E\"><div class=\"guten-column-wrapper\" data-id=\"TOkG0E\"><div id=\"guten-HB9K81\" class=\"guten-element guten-nav-menu nav-menu break-point-tablet submenu-click-title \" data-item-indicator=\"gtn gtn-chevron-down-line\" data-close-on-click=\"1\">\n\t\t\t<div class=\"gutenverse-hamburger-wrapper\">\n\t\t\t\t<button class=\"gutenverse-hamburger-menu\">\n\t\t\t\t\t<i aria-hidden=\"true\" class=\"gtn gtn-bars-solid\"><\/i>\n\t\t\t\t<\/button>\n\t\t\t<\/div>\n\t\t\t\n\t\t\t<div class=\"gutenverse-menu-wrapper\"><div class=\"gutenverse-menu-container\"><ul id=\"menu-lyfes-1\" class=\"gutenverse-menu\"><li id=\"menu-item-52\" class=\"menu-item menu-item-type-custom menu-item-object-custom menu-item-home menu-item-52\"><a href=\"javascript:void(0);\" data-href=\"https:\/\/demo.wt.tr\/kisisel-gelisim\/\">Anasayfa<\/a><\/li>\n<li id=\"menu-item-239\" class=\"menu-item menu-item-type-post_type menu-item-object-page menu-item-239\"><a href=\"javascript:void(0);\" data-href=\"https:\/\/demo.wt.tr\/kisisel-gelisim\/hakkimda\/\">Hakk\u0131mda<\/a><\/li>\n<li id=\"menu-item-240\" class=\"menu-item menu-item-type-post_type menu-item-object-page menu-item-240\"><a href=\"javascript:void(0);\" data-href=\"https:\/\/demo.wt.tr\/kisisel-gelisim\/hizmetlerim\/\">Hizmetlerim<\/a><\/li>\n<li id=\"menu-item-55\" class=\"menu-item menu-item-type-custom menu-item-object-custom menu-item-has-children menu-item-55\"><a href=\"javascript:void(0);\" data-href=\"#\">Sayfalar<\/a>\n<ul class=\"sub-menu\">\n\t<li id=\"menu-item-241\" class=\"menu-item menu-item-type-post_type menu-item-object-page menu-item-241\"><a href=\"javascript:void(0);\" data-href=\"https:\/\/demo.wt.tr\/kisisel-gelisim\/planlarimiz\/\">Planlar\u0131m\u0131z<\/a><\/li>\n\t<li id=\"menu-item-242\" class=\"menu-item menu-item-type-post_type menu-item-object-page menu-item-242\"><a href=\"javascript:void(0);\" data-href=\"https:\/\/demo.wt.tr\/kisisel-gelisim\/randevu\/\">Randevu<\/a><\/li>\n\t<li id=\"menu-item-243\" class=\"menu-item menu-item-type-post_type menu-item-object-page menu-item-243\"><a href=\"javascript:void(0);\" data-href=\"https:\/\/demo.wt.tr\/kisisel-gelisim\/sss\/\">S.S.S<\/a><\/li>\n<\/ul>\n<\/li>\n<li id=\"menu-item-59\" class=\"menu-item menu-item-type-custom menu-item-object-custom menu-item-59\"><a href=\"javascript:void(0);\" data-href=\"https:\/\/demo.wt.tr\/kisisel-gelisim\/blog\/\">Blog<\/a><\/li>\n<li id=\"menu-item-244\" class=\"menu-item menu-item-type-post_type menu-item-object-page menu-item-244\"><a href=\"javascript:void(0);\" data-href=\"https:\/\/demo.wt.tr\/kisisel-gelisim\/iletisim\/\">\u0130leti\u015fim<\/a><\/li>\n<\/ul><\/div>\n\t\t\t\t<div>\n\t\t\t\t\t<div class=\"gutenverse-nav-identity-panel\">\n\t\t\t\t\t\t<div class=\"gutenverse-nav-site-title\">\n\t\t\t\t\t\t\t<a href=\"https:\/\/demo.wt.tr\/kisisel-gelisim\" class=\"gutenverse-nav-logo\"><img decoding=\"async\" src=\"https:\/\/demo.wt.tr\/kisisel-gelisim\/wp-content\/uploads\/sites\/4\/2024\/12\/Logo_Lyfes-1.png\" alt=\"Wordpress Ki\u015fisel Geli\u015fim Temas\u0131 - \"><\/a>\n\t\t\t\t\t\t<\/div>\n\t\t\t\t\t\t<button class=\"gutenverse-close-menu\"><i aria-hidden=\"true\" class=\"gtn gtn-times-solid\"><\/i><\/button>\n\t\t\t\t\t<\/div>\n\t\t\t\t<\/div>\n\t\t\t<\/div>\n\t\t<\/div><\/div><\/div>\n\n\n\n<div class=\"wp-block-gutenverse-column guten-element guten-column guten-QX2LTt hide-tablet hide-mobile\"><div class=\"guten-column-wrapper\" data-id=\"QX2LTt\">\n<div class=\"guten-element guten-social-icons guten-7kKVCx rounded horizontal fill\">\n<div class=\"guten-element guten-social-icon guten-p8Mxtz instagram\"><a id=\"guten-p8Mxtz\" href=\"#\"><i class=\"fab fa-instagram\"><\/i><\/a><\/div>\n\n\n\n<div class=\"guten-element guten-social-icon guten-IYMVQ9 twitter\"><a id=\"guten-IYMVQ9\" href=\"#\"><i class=\"fab fa-x-twitter\"><\/i><\/a><\/div>\n\n\n\n<div class=\"guten-element guten-social-icon guten-uHf2SR youtube\"><a id=\"guten-uHf2SR\" href=\"#\"><i class=\"fab fa-youtube\"><\/i><\/a><\/div>\n<\/div>\n<\/div><\/div>\n<\/div><\/section><\/div>\n\n\n\n<div class=\"section-wrapper\" data-id=\"SReJtV\"><section class=\"wp-block-gutenverse-section guten-element guten-section guten-SReJtV layout-boxed align-stretch\"><div class=\"guten-container guten-column-gap-no\">\n<div class=\"wp-block-gutenverse-column guten-element guten-column guten-Tpi3Lr\"><div class=\"guten-column-wrapper\" data-id=\"Tpi3Lr\">\n<div class=\"wp-block-gutenverse-image guten-element guten-image guten-odN6O3\"><div class=\"guten-image-wrapper\"><img loading=\"lazy\" decoding=\"async\" class=\"gutenverse-image-box-filled\" src=\"https:\/\/demo.wt.tr\/kisisel-gelisim\/wp-content\/uploads\/sites\/4\/2024\/12\/ornamen-star-one.png\" height=\"246\" width=\"195\"\/><\/div><\/div>\n\n\n\n<div class=\"wp-block-gutenverse-image guten-element guten-image guten-0XcjpK\"><div class=\"guten-image-wrapper\"><img loading=\"lazy\" decoding=\"async\" class=\"gutenverse-image-box-filled\" src=\"https:\/\/demo.wt.tr\/kisisel-gelisim\/wp-content\/uploads\/sites\/4\/2024\/12\/ornamen-star-two.png\" height=\"159\" width=\"155\"\/><\/div><\/div>\n\n\n\n<h1 class=\"wp-block-gutenverse-heading guten-element guten-qlaspV\">Blog<\/h1>\n\n\n\n<div class=\"guten-element gutenverse-text-editor guten-8Sw56T\"><div class=\"text-content-inner\">\n<p>Stay update about blog and article<\/p>\n<\/div><\/div>\n<\/div><\/div>\n<\/div><\/section><\/div>\n\n\n\n<div class=\"section-wrapper\" data-id=\"Ratui9\"><section class=\"wp-block-gutenverse-section guten-element guten-section guten-Ratui9 layout-boxed align-stretch\"><div class=\"guten-container guten-column-gap-no\">\n<div class=\"wp-block-gutenverse-column guten-element guten-column guten-imF36g\"><div class=\"guten-column-wrapper\" data-id=\"imF36g\"><div  class=\"gutenverse guten-postblock postblock-type-3 guten-pagination-loadmore  post-element guten-3VjYXt\"  data-id=\"guten-3VjYXt\" data-settings=\"{&quot;elementId&quot;:&quot;guten-3VjYXt&quot;,&quot;numberPost&quot;:&quot;4&quot;,&quot;column&quot;:{&quot;Desktop&quot;:&quot;2&quot;,&quot;Tablet&quot;:&quot;2&quot;,&quot;Mobile&quot;:&quot;1&quot;},&quot;sortBy&quot;:&quot;latest&quot;,&quot;categoryEnabled&quot;:false,&quot;excerptLength&quot;:&quot;19&quot;,&quot;readmoreIcon&quot;:&quot;gtn gtn-arrow-right-solid&quot;,&quot;metaAuthorEnabled&quot;:false,&quot;metaDateIcon&quot;:&quot;far fa-clock&quot;,&quot;postblockType&quot;:&quot;type-3&quot;,&quot;paginationMode&quot;:&quot;loadmore&quot;,&quot;paginationNumberPost&quot;:&quot;2&quot;,&quot;postItemMargin&quot;:{&quot;Desktop&quot;:{&quot;unit&quot;:&quot;px&quot;,&quot;dimension&quot;:{&quot;top&quot;:&quot;0&quot;,&quot;right&quot;:&quot;0&quot;,&quot;bottom&quot;:&quot;60&quot;,&quot;left&quot;:&quot;0&quot;}},&quot;Tablet&quot;:{&quot;unit&quot;:&quot;px&quot;,&quot;dimension&quot;:{&quot;top&quot;:&quot;0&quot;,&quot;right&quot;:&quot;0&quot;,&quot;bottom&quot;:&quot;50&quot;,&quot;left&quot;:&quot;0&quot;}}},&quot;postItemPadding&quot;:{&quot;Desktop&quot;:[],&quot;Tablet&quot;:[]},&quot;postItemBorder&quot;:{&quot;radius&quot;:{&quot;Desktop&quot;:{&quot;unit&quot;:&quot;px&quot;,&quot;dimension&quot;:{&quot;top&quot;:&quot;&quot;,&quot;right&quot;:&quot;&quot;,&quot;bottom&quot;:&quot;&quot;,&quot;left&quot;:&quot;&quot;}}}},&quot;thumbnailRadius&quot;:{&quot;Desktop&quot;:{&quot;unit&quot;:&quot;px&quot;,&quot;dimension&quot;:{&quot;top&quot;:&quot;10&quot;,&quot;right&quot;:&quot;10&quot;,&quot;bottom&quot;:&quot;0&quot;,&quot;left&quot;:&quot;0&quot;}},&quot;Tablet&quot;:[]},&quot;paginationMargin&quot;:{&quot;Desktop&quot;:[]},&quot;paginationPadding&quot;:{&quot;Desktop&quot;:{&quot;unit&quot;:&quot;px&quot;,&quot;dimension&quot;:{&quot;top&quot;:&quot;15&quot;,&quot;right&quot;:&quot;35&quot;,&quot;bottom&quot;:&quot;15&quot;,&quot;left&quot;:&quot;35&quot;}}},&quot;paginationBorder&quot;:{&quot;radius&quot;:{&quot;Desktop&quot;:{&quot;unit&quot;:&quot;px&quot;,&quot;dimension&quot;:{&quot;top&quot;:&quot;30&quot;,&quot;right&quot;:&quot;30&quot;,&quot;bottom&quot;:&quot;30&quot;,&quot;left&quot;:&quot;30&quot;}}},&quot;all&quot;:{&quot;type&quot;:&quot;none&quot;,&quot;color&quot;:{&quot;r&quot;:0,&quot;g&quot;:0,&quot;b&quot;:0,&quot;a&quot;:0}}},&quot;paginationPrevIcon&quot;:&quot;gtn gtn-chevron-left-light&quot;,&quot;paginationNextIcon&quot;:&quot;gtn gtn-chevron-right-light&quot;,&quot;inheritQuery&quot;:true,&quot;postType&quot;:&quot;post&quot;,&quot;postOffset&quot;:0,&quot;excludeCurrentPost&quot;:false,&quot;includePost&quot;:[],&quot;excludePost&quot;:[],&quot;includeCategory&quot;:[],&quot;excludeCategory&quot;:[],&quot;includeAuthor&quot;:[],&quot;includeTag&quot;:[],&quot;excludeTag&quot;:[],&quot;htmlTag&quot;:&quot;h3&quot;,&quot;categoryPosition&quot;:&quot;center&quot;,&quot;excerptEnabled&quot;:true,&quot;excerptMore&quot;:&quot;...&quot;,&quot;readmoreEnabled&quot;:true,&quot;readmoreIconPosition&quot;:&quot;after&quot;,&quot;readmoreText&quot;:&quot;Read More&quot;,&quot;commentEnabled&quot;:false,&quot;commentIcon&quot;:&quot;fas fa-comment&quot;,&quot;commentIconPosition&quot;:&quot;before&quot;,&quot;metaEnabled&quot;:true,&quot;metaAuthorByText&quot;:&quot;by&quot;,&quot;metaAuthorIcon&quot;:&quot;fas fa-user&quot;,&quot;metaAuthorIconPosition&quot;:&quot;before&quot;,&quot;metaDateEnabled&quot;:true,&quot;metaDateType&quot;:&quot;published&quot;,&quot;metaDateFormat&quot;:&quot;default&quot;,&quot;metaDateFormatCustom&quot;:&quot;&quot;,&quot;metaDateIconPosition&quot;:&quot;before&quot;,&quot;breakpoint&quot;:&quot;tablet&quot;,&quot;noContentText&quot;:&quot;No Content&quot;,&quot;paginationLoadmoreText&quot;:&quot;Load More&quot;,&quot;paginationLoadingText&quot;:&quot;Loading...&quot;,&quot;paginationScrollLimit&quot;:0,&quot;paginationIcon&quot;:&quot;&quot;,&quot;paginationIconPosition&quot;:&quot;before&quot;,&quot;background&quot;:[],&quot;backgroundHover&quot;:[],&quot;animation&quot;:[],&quot;paginationPrevNextText&quot;:true,&quot;paginationPrevText&quot;:&quot;Prev&quot;,&quot;paginationNextText&quot;:&quot;Next&quot;,&quot;contentOrder&quot;:[{&quot;label&quot;:&quot;Title&quot;,&quot;value&quot;:&quot;title&quot;},{&quot;label&quot;:&quot;Meta&quot;,&quot;value&quot;:&quot;meta&quot;},{&quot;label&quot;:&quot;Excerpt&quot;,&quot;value&quot;:&quot;excerpt&quot;},{&quot;label&quot;:&quot;Read More&quot;,&quot;value&quot;:&quot;read&quot;}],&quot;paged&quot;:1,&quot;class&quot;:null}\"><div class=\"guten-block-container\">\n            <div class=\"guten-posts guten-ajax-flag\">\n            <article class=\"guten-post post-1 post type-post status-publish format-standard hentry category-genel\">\n                    <div class=\"guten-thumb\"><a href=\"javascript:void(0);\" data-href=\"https:\/\/demo.wt.tr\/kisisel-gelisim\/2024\/12\/20\/merhaba-dunya\/\"><div class=\"thumbnail-container no_thumbnail\">\n            \n\t\t\t<div class=\"guten-overlay\"><\/div>\n        <\/div><\/a><\/div>\n                    <div class=\"guten-postblock-content\"><h3 class=\"guten-post-title\">\n\t\t\t\t\t\t\t<a href=\"javascript:void(0);\" data-href=\"https:\/\/demo.wt.tr\/kisisel-gelisim\/2024\/12\/20\/merhaba-dunya\/\">Merhaba d\u00fcnya!<\/a>\n\t\t\t\t\t\t<\/h3><div class=\"guten-post-meta\"><div class=\"guten-meta-date icon-position-before\"><i aria-hidden=\"true\" class=\"far fa-clock\"><\/i>20 Aral\u0131k 2024<\/div><\/div><div class=\"guten-post-excerpt\"><p>WT.TR demo adresi site sitesine ho\u015f geldiniz. Bu sizin ilk yaz\u0131n\u0131z. Bu yaz\u0131y\u0131 d\u00fczenleyin ya da silin. Sonra yazmaya&#8230;<\/p><\/div><div class=\"guten-post-meta-bottom\">\n\t\t\t\t\t\t\t<div class=\"guten-meta-readmore icon-position-after\">\n                <a href=\"javascript:void(0);\" data-href=\"https:\/\/demo.wt.tr\/kisisel-gelisim\/2024\/12\/20\/merhaba-dunya\/\" class=\"guten-readmore\">Read More<i aria-hidden=\"true\" class=\"gtn gtn-arrow-right-solid\"><\/i><\/a>\n            <\/div>\n\t\t\t\t\t\t<\/div><\/div>\n                <\/article>\n        <\/div>\n        <\/div><\/div><\/div><\/div>\n\n\n\n<div class=\"wp-block-gutenverse-column guten-element guten-column guten-blGDvu\"><div class=\"guten-column-wrapper\" data-id=\"blGDvu\">\n<div class=\"guten-element guten-8ZmWot guten-search\"><form class=\"gutenverse-search-form\"><div class=\"search-input-container\"><input type=\"search\" placeholder=\"Search...\" name=\"s\" class=\"gutenverse-search gutenverse-search-input\"\/><\/div>\n<div class=\"guten-element guten-button-wrapper guten-fqkQ9D\"><button class=\"guten-button guten-button-xs\" type=\"submit\"><span>Search<\/span><i class=\"fa-lg gtn gtn-search2-light\"><\/i><\/button><\/div>\n<\/form><\/div>\n\n\n\n<div class=\"section-wrapper\" data-id=\"T63fzG\"><section class=\"wp-block-gutenverse-section guten-element guten-section guten-T63fzG layout-boxed align-stretch\"><div class=\"guten-container guten-column-gap-no\">\n<div class=\"wp-block-gutenverse-column guten-element guten-column guten-HMjWZE\"><div class=\"guten-column-wrapper\" data-id=\"HMjWZE\">\n<h3 class=\"wp-block-gutenverse-heading guten-element guten-qkD0D5\">Latest Post<\/h3>\n\n\n<div  class=\"gutenverse guten-postlist layout-vertical post-element guten-pagination-disable guten-yBatRM\"  data-id=\"guten-yBatRM\" data-settings=\"{&quot;elementId&quot;:&quot;guten-yBatRM&quot;,&quot;numberPost&quot;:&quot;3&quot;,&quot;imageEnabled&quot;:true,&quot;metaEnabled&quot;:true,&quot;metaDateEnabled&quot;:true,&quot;metaDateIcon&quot;:&quot;gtn gtn-clock-line&quot;,&quot;metaPosition&quot;:&quot;bottom&quot;,&quot;inheritQuery&quot;:true,&quot;postType&quot;:&quot;post&quot;,&quot;postOffset&quot;:0,&quot;includePost&quot;:[],&quot;excludePost&quot;:[],&quot;includeCategory&quot;:[],&quot;excludeCategory&quot;:[],&quot;includeAuthor&quot;:[],&quot;includeTag&quot;:[],&quot;excludeTag&quot;:[],&quot;backgroundImageEnabled&quot;:false,&quot;iconEnabled&quot;:false,&quot;icon&quot;:&quot;fas fa-circle&quot;,&quot;metaDateType&quot;:&quot;published&quot;,&quot;metaDateFormat&quot;:&quot;default&quot;,&quot;metaDateFormatCustom&quot;:&quot;&quot;,&quot;metaCategoryEnabled&quot;:false,&quot;metaCategoryIcon&quot;:&quot;fas fa-tag&quot;,&quot;paginationMode&quot;:&quot;disable&quot;,&quot;paginationLoadmoreText&quot;:&quot;Load More&quot;,&quot;paginationLoadingText&quot;:&quot;Loading...&quot;,&quot;paginationNumberPost&quot;:3,&quot;paginationScrollLimit&quot;:0,&quot;paginationIcon&quot;:&quot;&quot;,&quot;paginationIconPosition&quot;:&quot;before&quot;,&quot;paginationPrevNextText&quot;:true,&quot;paginationPrevText&quot;:&quot;Prev&quot;,&quot;paginationNextText&quot;:&quot;Next&quot;,&quot;paginationPrevIcon&quot;:&quot;fas fa-chevron-left&quot;,&quot;paginationNextIcon&quot;:&quot;fas fa-chevron-right&quot;,&quot;paged&quot;:1,&quot;class&quot;:null}\"><div class=\"guten-block-container\">\n            <div class=\"guten-posts guten-ajax-flag\">\n            <article class=\"guten-post post-list-item\">\n                <a href=\"javascript:void(0);\" data-href=\"https:\/\/demo.wt.tr\/kisisel-gelisim\/2024\/12\/20\/merhaba-dunya\/\" >\n                    \n                    <div class=\"guten-postlist-content\"><span class=\"guten-postlist-title\">Merhaba d\u00fcnya!<\/span><div class=\"meta-lists\"><span class=\"meta-date\"><div class=\"guten-meta-date\"><i aria-hidden=\"true\" class=\"gtn gtn-clock-line\"><\/i> &nbsp;20 Aral\u0131k 2024<\/div><\/span> <\/div><\/div>\n                <\/a>\n            <\/article>\n        <\/div>\n        <\/div><\/div><\/div><\/div>\n<\/div><\/section><\/div>\n<\/div><\/div>\n<\/div><\/section><\/div>\n\n\n\n<div class=\"section-wrapper\" data-id=\"C9zPMo\"><section class=\"wp-block-gutenverse-section guten-element guten-section guten-C9zPMo layout-boxed align-stretch\"><div class=\"guten-container guten-column-gap-no\">\n<div class=\"wp-block-gutenverse-column guten-element guten-column guten-xD79au\"><div class=\"guten-column-wrapper\" data-id=\"xD79au\">\n<div class=\"section-wrapper\" data-id=\"14AKvO\"><section class=\"wp-block-gutenverse-section guten-element guten-section guten-14AKvO layout-boxed align-stretch\"><div class=\"guten-background-overlay\"><\/div><div class=\"guten-container guten-column-gap-no\">\n<div class=\"wp-block-gutenverse-column guten-element guten-column guten-knlbRb\"><div class=\"guten-column-wrapper\" data-id=\"knlbRb\">\n<h2 class=\"wp-block-gutenverse-heading guten-element guten-4js7Ih\">Bloglar\u0131m\u0131zdan Haberdar olun<\/h2>\n\n\n\n<div class=\"guten-element gutenverse-text-editor guten-iBNT6j\"><div class=\"text-content-inner\">\n<p>En son haberlerimiz ve tekliflerimiz i\u00e7in bildirim al\u0131n<\/p>\n<\/div><\/div>\n\n\n\n<form style=\"display:none\" class=\"guten-element guten-form-builder guten-rX4ZHM\" data-form-id=\"305\">\n<div class=\"section-wrapper\" data-id=\"pqf7J6\"><section class=\"wp-block-gutenverse-section guten-element guten-section guten-pqf7J6 layout-boxed align-stretch\"><div class=\"guten-container guten-column-gap-no\">\n<div class=\"wp-block-gutenverse-column guten-element guten-column guten-ve9B2R\"><div class=\"guten-column-wrapper\" data-id=\"ve9B2R\">\n<div class=\"guten-element guten-form-input-email guten-form-input guten-input-position-top guten-veHfQu hide-label hide-helper\"><div class=\"label-wrapper\"><\/div><div class=\"main-wrapper\"><input data-validation=\"{&quot;type&quot;:&quot;email&quot;,&quot;required&quot;:false,&quot;validationType&quot;:&quot;none&quot;,&quot;validationWarning&quot;:&quot;Input Invalid&quot;}\" placeholder=\"Your Email Address\" name=\"input-email\" class=\"gutenverse-input gutenverse-input-email\" type=\"email\"\/><div class=\"validation-error\">Input Invalid<\/div><\/div><\/div>\n\n\n\n<div class=\"guten-element guten-button-wrapper guten-submit-wrapper guten-bnXqpf\"><div class=\"form-notification\"><\/div><button class=\"guten-button gutenverse-input-submit guten-button-sm\" type=\"submit\"><span>Hemen Kaydol<\/span><\/button><div class=\"gutenverse-input-submit-loader\"><i class=\"fas fa-spinner fa-spin\"><\/i><\/div><\/div>\n<\/div><\/div>\n<\/div><\/section><\/div>\n<\/form>\n<\/div><\/div>\n<\/div><\/section><\/div>\n\n\n\n<div class=\"section-wrapper\" data-id=\"CQWfBX\"><section class=\"wp-block-gutenverse-section guten-element guten-section guten-CQWfBX layout-boxed align-stretch\"><div class=\"guten-container guten-column-gap-no\">\n<div class=\"wp-block-gutenverse-column guten-element guten-column guten-i4QnMG\"><div class=\"guten-column-wrapper\" data-id=\"i4QnMG\">\n<h3 class=\"wp-block-gutenverse-heading guten-element guten-lemJr7\">\u0130leti\u015fim<\/h3>\n\n\n\n<div class=\"guten-element guten-icon-list guten-Zpakw2\">\n<div class=\"guten-element guten-icon-list-item guten-p4jWMR\"><a id=\"guten-p4jWMR\"><span class=\"list-text no-icon\">Jalan Batu Mejan, Canggu, Badung Regency, Bali<\/span><\/a><\/div>\n\n\n\n<div class=\"guten-element guten-icon-list-item guten-OnkNHn\"><a id=\"guten-OnkNHn\"><span class=\"list-text no-icon\">(+62) 8123 456 789<\/span><\/a><\/div>\n\n\n\n<div class=\"guten-element guten-icon-list-item guten-ClksOf\"><a id=\"guten-ClksOf\"><span class=\"list-text no-icon\">test@wt.tr<\/span><\/a><\/div>\n<\/div>\n<\/div><\/div>\n\n\n\n<div class=\"wp-block-gutenverse-column guten-element guten-column guten-bHtgrC\"><div class=\"guten-column-wrapper\" data-id=\"bHtgrC\">\n<div class=\"wp-block-gutenverse-image guten-element guten-image guten-2UriPB\"><div class=\"guten-image-wrapper\"><img loading=\"lazy\" decoding=\"async\" class=\"gutenverse-image-box-filled\" src=\"https:\/\/demo.wt.tr\/kisisel-gelisim\/wp-content\/uploads\/sites\/4\/2024\/12\/logo-white-1.png\" height=\"240\" width=\"440\"\/><\/div><\/div>\n\n\n\n<div class=\"guten-element gutenverse-text-editor guten-VAAON7\"><div class=\"text-content-inner\">\n<p>Lorem ipsum dolor sit amet, consectetur adipiscing elit. Ut elit tellus.<a target=\"_blank\" rel=\"noreferrer noopener\"><\/a><\/p>\n<\/div><\/div>\n\n\n\n<div class=\"guten-element guten-social-icons guten-ZT01tB rounded horizontal fill\">\n<div class=\"guten-element guten-social-icon guten-uZWAJG instagram\"><a id=\"guten-uZWAJG\" href=\"#\"><i class=\"fab fa-instagram\"><\/i><\/a><\/div>\n\n\n\n<div class=\"guten-element guten-social-icon guten-uzCaGo twitter\"><a id=\"guten-uzCaGo\" href=\"#\"><i class=\"fab fa-x-twitter\"><\/i><\/a><\/div>\n\n\n\n<div class=\"guten-element guten-social-icon guten-85f6ZR youtube\"><a id=\"guten-85f6ZR\" href=\"#\"><i class=\"gtn gtn-youtube-v-light\"><\/i><\/a><\/div>\n<\/div>\n<\/div><\/div>\n\n\n\n<div class=\"wp-block-gutenverse-column guten-element guten-column guten-2dwOHv\"><div class=\"guten-column-wrapper\" data-id=\"2dwOHv\">\n<h3 class=\"wp-block-gutenverse-heading guten-element guten-rD0Zya\">Men\u00fc<\/h3>\n\n\n\n<div class=\"guten-element guten-icon-list guten-F5b1Rb\">\n<div class=\"guten-element guten-icon-list-item guten-UuoAYP\"><a id=\"guten-UuoAYP\" href=\"#\"><span class=\"list-text no-icon\">Hakk\u0131mda<\/span><\/a><\/div>\n\n\n\n<div class=\"guten-element guten-icon-list-item guten-3K94M9\"><a id=\"guten-3K94M9\" href=\"#\"><span class=\"list-text no-icon\">Hizmetlerimiz<\/span><\/a><\/div>\n\n\n\n<div class=\"guten-element guten-icon-list-item guten-1ygpe6\"><a id=\"guten-1ygpe6\" href=\"#\"><span class=\"list-text no-icon\">Blog<\/span><\/a><\/div>\n\n\n\n<div class=\"guten-element guten-icon-list-item guten-A8wTCp\"><a id=\"guten-A8wTCp\" href=\"#\"><span class=\"list-text no-icon\">\u0130leti\u015fim<\/span><\/a><\/div>\n<\/div>\n<\/div><\/div>\n<\/div><\/section><\/div>\n\n\n\n<div class=\"section-wrapper\" data-id=\"GPUeRE\"><section class=\"wp-block-gutenverse-section guten-element guten-section guten-GPUeRE layout-boxed align-stretch\"><div class=\"guten-container guten-column-gap-no\">\n<div class=\"wp-block-gutenverse-column guten-element guten-column guten-QZjV7S\"><div class=\"guten-column-wrapper\" data-id=\"QZjV7S\">\n<div class=\"guten-element gutenverse-text-editor guten-lFxfHA\"><div class=\"text-content-inner\">\n<p>Ki\u015fisel Geli\u015fim WordPress Temas\u0131 by <a href=\"https:\/\/wt.tr\" target=\"_blank\" rel=\"noreferrer noopener\">wt.tr<\/a><br><\/p>\n<\/div><\/div>\n<\/div><\/div>\n\n\n\n<div class=\"wp-block-gutenverse-column guten-element guten-column guten-cttKK1\"><div class=\"guten-column-wrapper\" data-id=\"cttKK1\">\n<div class=\"guten-element gutenverse-text-editor guten-gs5hWQ\"><div class=\"text-content-inner\">\n<p>Copyright \u00a9 2024. T\u00fcm Haklar\u0131m\u0131z Sakl\u0131d\u0131r.<\/p>\n<\/div><\/div>\n<\/div><\/div>\n<\/div><\/section><\/div>\n<\/div><\/div>\n<\/div><\/section><\/div>\n","protected":false},"excerpt":{"rendered":"","protected":false},"author":1,"featured_media":0,"parent":0,"menu_order":0,"comment_status":"closed","ping_status":"closed","template":"blank-canvas","meta":{"footnotes":""},"class_list":["post-205","page","type-page","status-publish","hentry"],"_links":{"self":[{"href":"https:\/\/demo.wt.tr\/kisisel-gelisim\/wp-json\/wp\/v2\/pages\/205","targetHints":{"allow":["GET"]}}],"collection":[{"href":"https:\/\/demo.wt.tr\/kisisel-gelisim\/wp-json\/wp\/v2\/pages"}],"about":[{"href":"https:\/\/demo.wt.tr\/kisisel-gelisim\/wp-json\/wp\/v2\/types\/page"}],"author":[{"embeddable":true,"href":"https:\/\/demo.wt.tr\/kisisel-gelisim\/wp-json\/wp\/v2\/users\/1"}],"replies":[{"embeddable":true,"href":"https:\/\/demo.wt.tr\/kisisel-gelisim\/wp-json\/wp\/v2\/comments?post=205"}],"version-history":[{"count":0,"href":"https:\/\/demo.wt.tr\/kisisel-gelisim\/wp-json\/wp\/v2\/pages\/205\/revisions"}],"wp:attachment":[{"href":"https:\/\/demo.wt.tr\/kisisel-gelisim\/wp-json\/wp\/v2\/media?parent=205"}],"curies":[{"name":"wp","href":"https:\/\/api.w.org\/{rel}","templated":true}]}}