{"id":202,"date":"2024-12-21T12:49:20","date_gmt":"2024-12-21T09:49:20","guid":{"rendered":"https:\/\/demo.wt.tr\/kisisel-gelisim\/faq\/"},"modified":"2024-12-21T14:27:23","modified_gmt":"2024-12-21T11:27:23","slug":"sss","status":"publish","type":"page","link":"https:\/\/demo.wt.tr\/kisisel-gelisim\/sss\/","title":{"rendered":"S.S.S"},"content":{"rendered":"\n<div class=\"section-wrapper\" data-id=\"r4ZEvF\"><section class=\"wp-block-gutenverse-section guten-element guten-section guten-r4ZEvF layout-boxed align-stretch\"><div class=\"guten-container guten-column-gap-no\">\n<div class=\"wp-block-gutenverse-column guten-element guten-column guten-RnkHNK\"><div class=\"guten-column-wrapper\" data-id=\"RnkHNK\">\n<div class=\"wp-block-gutenverse-image guten-element guten-image guten-lg2al3\"><div class=\"guten-image-wrapper\"><img loading=\"lazy\" decoding=\"async\" class=\"gutenverse-image-box-filled\" src=\"https:\/\/demo.wt.tr\/kisisel-gelisim\/wp-content\/uploads\/sites\/4\/2024\/12\/Logo_Lyfes-1.png\" height=\"98\" width=\"186\"\/><\/div><\/div>\n<\/div><\/div>\n\n\n\n<div class=\"wp-block-gutenverse-column guten-element guten-column guten-TOkG0E\"><div class=\"guten-column-wrapper\" data-id=\"TOkG0E\"><div id=\"guten-HB9K81\" class=\"guten-element guten-nav-menu nav-menu break-point-tablet submenu-click-title \" data-item-indicator=\"gtn gtn-chevron-down-line\" data-close-on-click=\"1\">\n\t\t\t<div class=\"gutenverse-hamburger-wrapper\">\n\t\t\t\t<button class=\"gutenverse-hamburger-menu\">\n\t\t\t\t\t<i aria-hidden=\"true\" class=\"gtn gtn-bars-solid\"><\/i>\n\t\t\t\t<\/button>\n\t\t\t<\/div>\n\t\t\t\n\t\t\t<div class=\"gutenverse-menu-wrapper\"><div class=\"gutenverse-menu-container\"><ul id=\"menu-lyfes-1\" class=\"gutenverse-menu\"><li id=\"menu-item-52\" class=\"menu-item menu-item-type-custom menu-item-object-custom menu-item-home menu-item-52\"><a href=\"javascript:void(0);\" data-href=\"https:\/\/demo.wt.tr\/kisisel-gelisim\/\">Anasayfa<\/a><\/li>\n<li id=\"menu-item-239\" class=\"menu-item menu-item-type-post_type menu-item-object-page menu-item-239\"><a href=\"javascript:void(0);\" data-href=\"https:\/\/demo.wt.tr\/kisisel-gelisim\/hakkimda\/\">Hakk\u0131mda<\/a><\/li>\n<li id=\"menu-item-240\" class=\"menu-item menu-item-type-post_type menu-item-object-page menu-item-240\"><a href=\"javascript:void(0);\" data-href=\"https:\/\/demo.wt.tr\/kisisel-gelisim\/hizmetlerim\/\">Hizmetlerim<\/a><\/li>\n<li id=\"menu-item-55\" class=\"menu-item menu-item-type-custom menu-item-object-custom menu-item-has-children menu-item-55\"><a href=\"javascript:void(0);\" data-href=\"#\">Sayfalar<\/a>\n<ul class=\"sub-menu\">\n\t<li id=\"menu-item-241\" class=\"menu-item menu-item-type-post_type menu-item-object-page menu-item-241\"><a href=\"javascript:void(0);\" data-href=\"https:\/\/demo.wt.tr\/kisisel-gelisim\/planlarimiz\/\">Planlar\u0131m\u0131z<\/a><\/li>\n\t<li id=\"menu-item-242\" class=\"menu-item menu-item-type-post_type menu-item-object-page menu-item-242\"><a href=\"javascript:void(0);\" data-href=\"https:\/\/demo.wt.tr\/kisisel-gelisim\/randevu\/\">Randevu<\/a><\/li>\n\t<li id=\"menu-item-243\" class=\"menu-item menu-item-type-post_type menu-item-object-page menu-item-243\"><a href=\"javascript:void(0);\" data-href=\"https:\/\/demo.wt.tr\/kisisel-gelisim\/sss\/\">S.S.S<\/a><\/li>\n<\/ul>\n<\/li>\n<li id=\"menu-item-59\" class=\"menu-item menu-item-type-custom menu-item-object-custom menu-item-59\"><a href=\"javascript:void(0);\" data-href=\"https:\/\/demo.wt.tr\/kisisel-gelisim\/blog\/\">Blog<\/a><\/li>\n<li id=\"menu-item-244\" class=\"menu-item menu-item-type-post_type menu-item-object-page menu-item-244\"><a href=\"javascript:void(0);\" data-href=\"https:\/\/demo.wt.tr\/kisisel-gelisim\/iletisim\/\">\u0130leti\u015fim<\/a><\/li>\n<\/ul><\/div>\n\t\t\t\t<div>\n\t\t\t\t\t<div class=\"gutenverse-nav-identity-panel\">\n\t\t\t\t\t\t<div class=\"gutenverse-nav-site-title\">\n\t\t\t\t\t\t\t<a href=\"https:\/\/demo.wt.tr\/kisisel-gelisim\" class=\"gutenverse-nav-logo\"><img decoding=\"async\" src=\"https:\/\/demo.wt.tr\/kisisel-gelisim\/wp-content\/uploads\/sites\/4\/2024\/12\/Logo_Lyfes-1.png\" alt=\"Wordpress Ki\u015fisel Geli\u015fim Temas\u0131 - \"><\/a>\n\t\t\t\t\t\t<\/div>\n\t\t\t\t\t\t<button class=\"gutenverse-close-menu\"><i aria-hidden=\"true\" class=\"gtn gtn-times-solid\"><\/i><\/button>\n\t\t\t\t\t<\/div>\n\t\t\t\t<\/div>\n\t\t\t<\/div>\n\t\t<\/div><\/div><\/div>\n\n\n\n<div class=\"wp-block-gutenverse-column guten-element guten-column guten-QX2LTt hide-tablet hide-mobile\"><div class=\"guten-column-wrapper\" data-id=\"QX2LTt\">\n<div class=\"guten-element guten-social-icons guten-7kKVCx rounded horizontal fill\">\n<div class=\"guten-element guten-social-icon guten-p8Mxtz instagram\"><a id=\"guten-p8Mxtz\" href=\"#\"><i class=\"fab fa-instagram\"><\/i><\/a><\/div>\n\n\n\n<div class=\"guten-element guten-social-icon guten-IYMVQ9 twitter\"><a id=\"guten-IYMVQ9\" href=\"#\"><i class=\"fab fa-x-twitter\"><\/i><\/a><\/div>\n\n\n\n<div class=\"guten-element guten-social-icon guten-uHf2SR youtube\"><a id=\"guten-uHf2SR\" href=\"#\"><i class=\"fab fa-youtube\"><\/i><\/a><\/div>\n<\/div>\n<\/div><\/div>\n<\/div><\/section><\/div>\n\n\n\n<div class=\"section-wrapper\" data-id=\"SReJtV\"><section class=\"wp-block-gutenverse-section guten-element guten-section guten-SReJtV layout-boxed align-stretch\"><div class=\"guten-container guten-column-gap-no\">\n<div class=\"wp-block-gutenverse-column guten-element guten-column guten-Tpi3Lr\"><div class=\"guten-column-wrapper\" data-id=\"Tpi3Lr\">\n<div class=\"wp-block-gutenverse-image guten-element guten-image guten-odN6O3\"><div class=\"guten-image-wrapper\"><img loading=\"lazy\" decoding=\"async\" class=\"gutenverse-image-box-filled\" src=\"https:\/\/demo.wt.tr\/kisisel-gelisim\/wp-content\/uploads\/sites\/4\/2024\/12\/ornamen-star-one.png\" height=\"246\" width=\"195\"\/><\/div><\/div>\n\n\n\n<div class=\"wp-block-gutenverse-image guten-element guten-image guten-0XcjpK\"><div class=\"guten-image-wrapper\"><img loading=\"lazy\" decoding=\"async\" class=\"gutenverse-image-box-filled\" src=\"https:\/\/demo.wt.tr\/kisisel-gelisim\/wp-content\/uploads\/sites\/4\/2024\/12\/ornamen-star-two.png\" height=\"159\" width=\"155\"\/><\/div><\/div>\n\n\n\n<h1 class=\"wp-block-gutenverse-heading guten-element guten-qlaspV\">S\u0131k\u00e7a Sorulan Sorular<\/h1>\n\n\n\n<div class=\"guten-element gutenverse-text-editor guten-8Sw56T\"><div class=\"text-content-inner\">\n<p><\/p>\n<\/div><\/div>\n<\/div><\/div>\n<\/div><\/section><\/div>\n\n\n\n<div class=\"section-wrapper\" data-id=\"032E1a\"><section class=\"wp-block-gutenverse-section guten-element guten-section guten-032E1a layout-boxed align-stretch\"><div class=\"guten-container guten-column-gap-no\">\n<div class=\"wp-block-gutenverse-column guten-element guten-column guten-bCymVH\"><div class=\"guten-column-wrapper\" data-id=\"bCymVH\">\n<h3 class=\"wp-block-gutenverse-heading guten-element guten-1uTGpi\">Bir ko\u00e7a ihtiyac\u0131m var m\u0131?<\/h3>\n\n\n\n<div class=\"guten-element guten-accordions guten-Dlc30z\">\n<div class=\"accordion-item guten-ZFTqoX\"><div class=\"accordion-heading\"><div class=\"accordion-icon\"><span class=\"accordion-icon-open\"><i class=\"gtn gtn-chevron-up-light\"><\/i><\/span><span class=\"accordion-icon-closed\"><i class=\"gtn gtn-chevron-down-light\"><\/i><\/span><\/div><span class=\"accordion-text\">Bir oturum veya konu\u015fma etkinli\u011fi i\u00e7in nas\u0131l rezervasyon yapabilirim?<\/span><\/div><div class=\"accordion-body\"><div class=\"accordion-content\">\n<p>Lorem ipsum dolor sit amet, consectetuer adipiscing elit. Aenean commodo ligula eget dolor. Aenean massa. Cum sociis natoque penatibus et magnis dis parturient montes, nascetur ridiculus mus. Donec quam felis, ultricies nec, pellentesque eu, pretium quis, sem. Nulla consequat massa quis enim. Donec pede justo, fringilla vel, aliquet nec, vulputate eget, arcu.<a href=\"https:\/\/templatekit.jegtheme.com\/lyfes\/appointment\/#expand-9ace928\"><\/a><\/p>\n<\/div><\/div><\/div>\n\n\n\n<div class=\"accordion-item guten-yxL06e\"><div class=\"accordion-heading\"><div class=\"accordion-icon\"><span class=\"accordion-icon-open\"><i class=\"gtn gtn-chevron-up-light\"><\/i><\/span><span class=\"accordion-icon-closed\"><i class=\"gtn gtn-chevron-down-light\"><\/i><\/span><\/div><span class=\"accordion-text\">Ki\u015fiye \u00f6zel sanal ko\u00e7luk seanslar\u0131 sunuyor musunuz?<\/span><\/div><div class=\"accordion-body\"><div class=\"accordion-content\">\n<p>Lorem ipsum dolor sit amet, consectetuer adipiscing elit. Aenean commodo ligula eget dolor. Aenean massa. Cum sociis natoque penatibus et magnis dis parturient montes, nascetur ridiculus mus. Donec quam felis, ultricies nec, pellentesque eu, pretium quis, sem. Nulla consequat massa quis enim. Donec pede justo, fringilla vel, aliquet nec, vulputate eget, arcu.<a href=\"https:\/\/templatekit.jegtheme.com\/lyfes\/appointment\/#expand-9ace928\"><\/a><\/p>\n<\/div><\/div><\/div>\n\n\n\n<div class=\"accordion-item guten-8mlqu6\"><div class=\"accordion-heading\"><div class=\"accordion-icon\"><span class=\"accordion-icon-open\"><i class=\"gtn gtn-chevron-up-light\"><\/i><\/span><span class=\"accordion-icon-closed\"><i class=\"gtn gtn-chevron-down-light\"><\/i><\/span><\/div><span class=\"accordion-text\">Ko\u00e7luk mesleki geli\u015fim i\u00e7in uygun mudur?<\/span><\/div><div class=\"accordion-body\"><div class=\"accordion-content\">\n<p>Lorem ipsum dolor sit amet, consectetuer adipiscing elit. Aenean commodo ligula eget dolor. Aenean massa. Cum sociis natoque penatibus et magnis dis parturient montes, nascetur ridiculus mus. Donec quam felis, ultricies nec, pellentesque eu, pretium quis, sem. Nulla consequat massa quis enim. Donec pede justo, fringilla vel, aliquet nec, vulputate eget, arcu.<a href=\"https:\/\/templatekit.jegtheme.com\/lyfes\/appointment\/#expand-9ace928\"><\/a><\/p>\n<\/div><\/div><\/div>\n\n\n\n<div class=\"accordion-item guten-mwh8Td active\"><div class=\"accordion-heading\"><div class=\"accordion-icon\"><span class=\"accordion-icon-open\"><i class=\"gtn gtn-chevron-up-light\"><\/i><\/span><span class=\"accordion-icon-closed\"><i class=\"gtn gtn-chevron-down-light\"><\/i><\/span><\/div><span class=\"accordion-text\">Ki\u015fiye \u00f6zel ko\u00e7luk planlar\u0131 sunuyor musunuz?<\/span><\/div><div class=\"accordion-body\"><div class=\"accordion-content\">\n<p>Lorem ipsum dolor sit amet, consectetuer adipiscing elit. Aenean commodo ligula eget dolor. Aenean massa. Cum sociis natoque penatibus et magnis dis parturient montes, nascetur ridiculus mus. Donec quam felis, ultricies nec, pellentesque eu, pretium quis, sem. Nulla consequat massa quis enim. Donec pede justo, fringilla vel, aliquet nec, vulputate eget, arcu.<a href=\"https:\/\/templatekit.jegtheme.com\/lyfes\/appointment\/#expand-9ace928\"><\/a><\/p>\n<\/div><\/div><\/div>\n<\/div>\n<\/div><\/div>\n<\/div><\/section><\/div>\n\n\n\n<div class=\"section-wrapper\" data-id=\"PIXOkF\"><section class=\"wp-block-gutenverse-section guten-element guten-section guten-PIXOkF layout-boxed align-stretch\"><div class=\"guten-background-overlay\"><\/div><div class=\"guten-container guten-column-gap-no\">\n<div class=\"wp-block-gutenverse-column guten-element guten-column guten-DbOsqF\"><div class=\"guten-column-wrapper\" data-id=\"DbOsqF\">\n<div class=\"guten-element guten-advanced-heading guten-YVNuty\"><div class=\"heading-section \"><h2 class=\"heading-title\"><span class=\"heading-title\">Hayallerinizin <\/span><span class=\"heading-focus\">Kilidini A\u00e7\u0131n<\/span><\/h2><\/div><\/div>\n\n\n\n<div class=\"guten-element gutenverse-text-editor guten-DbJR9d\"><div class=\"text-content-inner\">\n<p>Lorem ipsum dolor sit amet, consectetur adipiscing elit, sed do eiusmod tempor incididunt ut labore et dolore magna aliqua. Ut enim ad minim veniam, quis nostrud exercitation ullamco laboris nisi ut aliquip ex ea commodo consequat. Duis aute irure dolor in reprehenderit in voluptate velit esse cillum dolore eu fugiat nulla pariatur.<\/p>\n<\/div><\/div>\n\n\n\n<div class=\"guten-element guten-button-wrapper guten-n2P9n4\"><a class=\"guten-button guten-button-sm\" href=\"#\"><span>Dan\u0131\u015fmanl\u0131\u011fa Ba\u015flay\u0131n<\/span><\/a><\/div>\n<\/div><\/div>\n<\/div><\/section><\/div>\n\n\n\n<div class=\"section-wrapper\" data-id=\"fLazVH\"><section class=\"wp-block-gutenverse-section guten-element guten-section guten-fLazVH layout-boxed align-stretch\"><div class=\"guten-container guten-column-gap-no\">\n<div class=\"wp-block-gutenverse-column guten-element guten-column guten-fCBHl5\"><div class=\"guten-column-wrapper\" data-id=\"fCBHl5\">\n<div class=\"guten-element guten-advanced-heading guten-9WF3Cq\"><div class=\"heading-section \"><h2 class=\"heading-title\"><span class=\"heading-title\">Ko\u00e7luk <\/span><span class=\"heading-focus\">Faydas\u0131<\/span><\/h2><\/div><\/div>\n\n\n\n<div class=\"guten-element gutenverse-text-editor guten-rFGoAR\"><div class=\"text-content-inner\">\n<p>Lorem ipsum dolor sit amet, consectetur adipiscing elit. Ut elit tellus, luctus nec ullamcorper mattis, pulvinar dapibus leo.<\/p>\n<\/div><\/div>\n\n\n\n<div class=\"section-wrapper\" data-id=\"KNJmLs\"><section class=\"wp-block-gutenverse-section guten-element guten-section guten-KNJmLs layout-boxed align-stretch\"><div class=\"guten-container guten-column-gap-no\">\n<div class=\"wp-block-gutenverse-column guten-element guten-column guten-4wL59w\"><div class=\"guten-column-wrapper\" data-id=\"4wL59w\">\n<div class=\"guten-element guten-lLeFTn guten-icon-box icon-position-top\"><div class=\"guten-icon-box-wrapper hover-from-left\"><div class=\"icon-box icon-box-header\"><div class=\"icon style-color\"><i class=\"gtn gtn-favorites-light\"><\/i><\/div><\/div><div class=\"icon-box icon-box-body\"><h3 class=\"title\">Hayat Hedeflerine Ula\u015f\u0131n<\/h3><p class=\"icon-box-description\">Lorem ipsum dolor sit amet, consectetur adipiscing elit, sed do eiusmod tempor<\/p><\/div><\/div><\/div>\n<\/div><\/div>\n\n\n\n<div class=\"wp-block-gutenverse-column guten-element guten-column guten-slRAKE\"><div class=\"guten-column-wrapper\" data-id=\"slRAKE\">\n<div class=\"guten-element guten-sJmlrP guten-icon-box icon-position-top\"><div class=\"guten-icon-box-wrapper hover-from-left\"><div class=\"icon-box icon-box-header\"><div class=\"icon style-color\"><i class=\"gtn gtn-chat-light\"><\/i><\/div><\/div><div class=\"icon-box icon-box-body\"><h3 class=\"title\">Dan\u0131\u015fmanl\u0131k Sor<\/h3><p class=\"icon-box-description\">Lorem ipsum dolor sit amet, consectetur adipiscing elit, sed do eiusmod tempor<\/p><\/div><\/div><\/div>\n<\/div><\/div>\n\n\n\n<div class=\"wp-block-gutenverse-column guten-element guten-column guten-oMRGs3\"><div class=\"guten-column-wrapper\" data-id=\"oMRGs3\">\n<div class=\"guten-element guten-nv5DHh guten-icon-box icon-position-top\"><div class=\"guten-icon-box-wrapper hover-from-left\"><div class=\"icon-box icon-box-header\"><div class=\"icon style-color\"><i class=\"gtn gtn-leaf-light\"><\/i><\/div><\/div><div class=\"icon-box icon-box-body\"><h3 class=\"title\">Dikkatlilik<\/h3><p class=\"icon-box-description\">Lorem ipsum dolor sit amet, consectetur adipiscing elit, sed do eiusmod tempor<\/p><\/div><\/div><\/div>\n<\/div><\/div>\n\n\n\n<div class=\"wp-block-gutenverse-column guten-element guten-column guten-TP6L6d\"><div class=\"guten-column-wrapper\" data-id=\"TP6L6d\">\n<div class=\"guten-element guten-KR6aY6 guten-icon-box icon-position-top\"><div class=\"guten-icon-box-wrapper hover-from-left\"><div class=\"icon-box icon-box-header\"><div class=\"icon style-color\"><i class=\"gtn gtn-rocket-light\"><\/i><\/div><\/div><div class=\"icon-box icon-box-body\"><h3 class=\"title\">Ki\u015fisel Geli\u015fim<\/h3><p class=\"icon-box-description\">Lorem ipsum dolor sit amet, consectetur adipiscing elit, sed do eiusmod tempor<\/p><\/div><\/div><\/div>\n<\/div><\/div>\n<\/div><\/section><\/div>\n<\/div><\/div>\n<\/div><\/section><\/div>\n\n\n\n<div class=\"section-wrapper\" data-id=\"C9zPMo\"><section class=\"wp-block-gutenverse-section guten-element guten-section guten-C9zPMo layout-boxed align-stretch\"><div class=\"guten-container guten-column-gap-no\">\n<div class=\"wp-block-gutenverse-column guten-element guten-column guten-xD79au\"><div class=\"guten-column-wrapper\" data-id=\"xD79au\">\n<div class=\"section-wrapper\" data-id=\"14AKvO\"><section class=\"wp-block-gutenverse-section guten-element guten-section guten-14AKvO layout-boxed align-stretch\"><div class=\"guten-background-overlay\"><\/div><div class=\"guten-container guten-column-gap-no\">\n<div class=\"wp-block-gutenverse-column guten-element guten-column guten-knlbRb\"><div class=\"guten-column-wrapper\" data-id=\"knlbRb\">\n<h2 class=\"wp-block-gutenverse-heading guten-element guten-4js7Ih\">Bloglar\u0131m\u0131zdan Haberdar olun<\/h2>\n\n\n\n<div class=\"guten-element gutenverse-text-editor guten-iBNT6j\"><div class=\"text-content-inner\">\n<p>En son haberlerimiz ve tekliflerimiz i\u00e7in bildirim al\u0131n<\/p>\n<\/div><\/div>\n\n\n\n<form style=\"display:none\" class=\"guten-element guten-form-builder guten-rX4ZHM\" data-form-id=\"305\">\n<div class=\"section-wrapper\" data-id=\"pqf7J6\"><section class=\"wp-block-gutenverse-section guten-element guten-section guten-pqf7J6 layout-boxed align-stretch\"><div class=\"guten-container guten-column-gap-no\">\n<div class=\"wp-block-gutenverse-column guten-element guten-column guten-ve9B2R\"><div class=\"guten-column-wrapper\" data-id=\"ve9B2R\">\n<div class=\"guten-element guten-form-input-email guten-form-input guten-input-position-top guten-veHfQu hide-label hide-helper\"><div class=\"label-wrapper\"><\/div><div class=\"main-wrapper\"><input data-validation=\"{&quot;type&quot;:&quot;email&quot;,&quot;required&quot;:false,&quot;validationType&quot;:&quot;none&quot;,&quot;validationWarning&quot;:&quot;Input Invalid&quot;}\" placeholder=\"Your Email Address\" name=\"input-email\" class=\"gutenverse-input gutenverse-input-email\" type=\"email\"\/><div class=\"validation-error\">Input Invalid<\/div><\/div><\/div>\n\n\n\n<div class=\"guten-element guten-button-wrapper guten-submit-wrapper guten-bnXqpf\"><div class=\"form-notification\"><\/div><button class=\"guten-button gutenverse-input-submit guten-button-sm\" type=\"submit\"><span>Hemen Kaydol<\/span><\/button><div class=\"gutenverse-input-submit-loader\"><i class=\"fas fa-spinner fa-spin\"><\/i><\/div><\/div>\n<\/div><\/div>\n<\/div><\/section><\/div>\n<\/form>\n<\/div><\/div>\n<\/div><\/section><\/div>\n\n\n\n<div class=\"section-wrapper\" data-id=\"CQWfBX\"><section class=\"wp-block-gutenverse-section guten-element guten-section guten-CQWfBX layout-boxed align-stretch\"><div class=\"guten-container guten-column-gap-no\">\n<div class=\"wp-block-gutenverse-column guten-element guten-column guten-i4QnMG\"><div class=\"guten-column-wrapper\" data-id=\"i4QnMG\">\n<h3 class=\"wp-block-gutenverse-heading guten-element guten-lemJr7\">\u0130leti\u015fim<\/h3>\n\n\n\n<div class=\"guten-element guten-icon-list guten-Zpakw2\">\n<div class=\"guten-element guten-icon-list-item guten-p4jWMR\"><a id=\"guten-p4jWMR\"><span class=\"list-text no-icon\">Jalan Batu Mejan, Canggu, Badung Regency, Bali<\/span><\/a><\/div>\n\n\n\n<div class=\"guten-element guten-icon-list-item guten-OnkNHn\"><a id=\"guten-OnkNHn\"><span class=\"list-text no-icon\">(+62) 8123 456 789<\/span><\/a><\/div>\n\n\n\n<div class=\"guten-element guten-icon-list-item guten-ClksOf\"><a id=\"guten-ClksOf\"><span class=\"list-text no-icon\">test@wt.tr<\/span><\/a><\/div>\n<\/div>\n<\/div><\/div>\n\n\n\n<div class=\"wp-block-gutenverse-column guten-element guten-column guten-bHtgrC\"><div class=\"guten-column-wrapper\" data-id=\"bHtgrC\">\n<div class=\"wp-block-gutenverse-image guten-element guten-image guten-2UriPB\"><div class=\"guten-image-wrapper\"><img loading=\"lazy\" decoding=\"async\" class=\"gutenverse-image-box-filled\" src=\"https:\/\/demo.wt.tr\/kisisel-gelisim\/wp-content\/uploads\/sites\/4\/2024\/12\/logo-white-1.png\" height=\"240\" width=\"440\"\/><\/div><\/div>\n\n\n\n<div class=\"guten-element gutenverse-text-editor guten-VAAON7\"><div class=\"text-content-inner\">\n<p>Lorem ipsum dolor sit amet, consectetur adipiscing elit. Ut elit tellus.<a target=\"_blank\" rel=\"noreferrer noopener\"><\/a><\/p>\n<\/div><\/div>\n\n\n\n<div class=\"guten-element guten-social-icons guten-ZT01tB rounded horizontal fill\">\n<div class=\"guten-element guten-social-icon guten-uZWAJG instagram\"><a id=\"guten-uZWAJG\" href=\"#\"><i class=\"fab fa-instagram\"><\/i><\/a><\/div>\n\n\n\n<div class=\"guten-element guten-social-icon guten-uzCaGo twitter\"><a id=\"guten-uzCaGo\" href=\"#\"><i class=\"fab fa-x-twitter\"><\/i><\/a><\/div>\n\n\n\n<div class=\"guten-element guten-social-icon guten-85f6ZR youtube\"><a id=\"guten-85f6ZR\" href=\"#\"><i class=\"gtn gtn-youtube-v-light\"><\/i><\/a><\/div>\n<\/div>\n<\/div><\/div>\n\n\n\n<div class=\"wp-block-gutenverse-column guten-element guten-column guten-2dwOHv\"><div class=\"guten-column-wrapper\" data-id=\"2dwOHv\">\n<h3 class=\"wp-block-gutenverse-heading guten-element guten-rD0Zya\">Men\u00fc<\/h3>\n\n\n\n<div class=\"guten-element guten-icon-list guten-F5b1Rb\">\n<div class=\"guten-element guten-icon-list-item guten-UuoAYP\"><a id=\"guten-UuoAYP\" href=\"#\"><span class=\"list-text no-icon\">Hakk\u0131mda<\/span><\/a><\/div>\n\n\n\n<div class=\"guten-element guten-icon-list-item guten-3K94M9\"><a id=\"guten-3K94M9\" href=\"#\"><span class=\"list-text no-icon\">Hizmetlerimiz<\/span><\/a><\/div>\n\n\n\n<div class=\"guten-element guten-icon-list-item guten-1ygpe6\"><a id=\"guten-1ygpe6\" href=\"#\"><span class=\"list-text no-icon\">Blog<\/span><\/a><\/div>\n\n\n\n<div class=\"guten-element guten-icon-list-item guten-A8wTCp\"><a id=\"guten-A8wTCp\" href=\"#\"><span class=\"list-text no-icon\">\u0130leti\u015fim<\/span><\/a><\/div>\n<\/div>\n<\/div><\/div>\n<\/div><\/section><\/div>\n\n\n\n<div class=\"section-wrapper\" data-id=\"GPUeRE\"><section class=\"wp-block-gutenverse-section guten-element guten-section guten-GPUeRE layout-boxed align-stretch\"><div class=\"guten-container guten-column-gap-no\">\n<div class=\"wp-block-gutenverse-column guten-element guten-column guten-QZjV7S\"><div class=\"guten-column-wrapper\" data-id=\"QZjV7S\">\n<div class=\"guten-element gutenverse-text-editor guten-lFxfHA\"><div class=\"text-content-inner\">\n<p>Ki\u015fisel Geli\u015fim WordPress Temas\u0131 by <a href=\"https:\/\/wt.tr\" target=\"_blank\" rel=\"noreferrer noopener\">wt.tr<\/a><br><\/p>\n<\/div><\/div>\n<\/div><\/div>\n\n\n\n<div class=\"wp-block-gutenverse-column guten-element guten-column guten-cttKK1\"><div class=\"guten-column-wrapper\" data-id=\"cttKK1\">\n<div class=\"guten-element gutenverse-text-editor guten-gs5hWQ\"><div class=\"text-content-inner\">\n<p>Copyright \u00a9 2024. T\u00fcm Haklar\u0131m\u0131z Sakl\u0131d\u0131r.<\/p>\n<\/div><\/div>\n<\/div><\/div>\n<\/div><\/section><\/div>\n<\/div><\/div>\n<\/div><\/section><\/div>\n","protected":false},"excerpt":{"rendered":"","protected":false},"author":1,"featured_media":0,"parent":0,"menu_order":0,"comment_status":"closed","ping_status":"closed","template":"blank-canvas","meta":{"footnotes":""},"class_list":["post-202","page","type-page","status-publish","hentry"],"_links":{"self":[{"href":"https:\/\/demo.wt.tr\/kisisel-gelisim\/wp-json\/wp\/v2\/pages\/202","targetHints":{"allow":["GET"]}}],"collection":[{"href":"https:\/\/demo.wt.tr\/kisisel-gelisim\/wp-json\/wp\/v2\/pages"}],"about":[{"href":"https:\/\/demo.wt.tr\/kisisel-gelisim\/wp-json\/wp\/v2\/types\/page"}],"author":[{"embeddable":true,"href":"https:\/\/demo.wt.tr\/kisisel-gelisim\/wp-json\/wp\/v2\/users\/1"}],"replies":[{"embeddable":true,"href":"https:\/\/demo.wt.tr\/kisisel-gelisim\/wp-json\/wp\/v2\/comments?post=202"}],"version-history":[{"count":3,"href":"https:\/\/demo.wt.tr\/kisisel-gelisim\/wp-json\/wp\/v2\/pages\/202\/revisions"}],"predecessor-version":[{"id":238,"href":"https:\/\/demo.wt.tr\/kisisel-gelisim\/wp-json\/wp\/v2\/pages\/202\/revisions\/238"}],"wp:attachment":[{"href":"https:\/\/demo.wt.tr\/kisisel-gelisim\/wp-json\/wp\/v2\/media?parent=202"}],"curies":[{"name":"wp","href":"https:\/\/api.w.org\/{rel}","templated":true}]}}