{"id":2363,"date":"2023-01-21T17:57:52","date_gmt":"2023-01-21T17:57:52","guid":{"rendered":"https:\/\/dentalcare.strongholdthemes.com\/dummydata\/demo1\/?page_id=2363"},"modified":"2025-01-30T10:16:15","modified_gmt":"2025-01-30T07:16:15","slug":"ekibimiz","status":"publish","type":"page","link":"https:\/\/demo.wt.tr\/dental\/ekibimiz\/","title":{"rendered":"Ekibimiz"},"content":{"rendered":"\t\t<div data-elementor-type=\"wp-page\" data-elementor-id=\"2363\" class=\"elementor elementor-2363\">\n\t\t\t\t\t\t<section class=\"elementor-section elementor-top-section elementor-element elementor-element-f6309aa elementor-section-boxed elementor-section-height-default elementor-section-height-default\" data-id=\"f6309aa\" data-element_type=\"section\">\n\t\t\t\t\t\t<div class=\"elementor-container elementor-column-gap-wide\">\n\t\t\t\t\t<div class=\"elementor-column elementor-col-50 elementor-top-column elementor-element elementor-element-a36e5e4\" data-id=\"a36e5e4\" data-element_type=\"column\">\n\t\t\t<div class=\"elementor-widget-wrap elementor-element-populated\">\n\t\t\t\t\t\t<div class=\"elementor-element elementor-element-f6c8064 elementor-widget elementor-widget-image\" data-id=\"f6c8064\" data-element_type=\"widget\" data-widget_type=\"image.default\">\n\t\t\t\t<div class=\"elementor-widget-container\">\n\t\t\t\t\t\t\t\t\t\t\t\t\t\t\t<img fetchpriority=\"high\" decoding=\"async\" width=\"750\" height=\"500\" src=\"https:\/\/demo.wt.tr\/dental\/wp-content\/uploads\/sites\/5\/2025\/01\/Depositphotos_43327455_original.jpg\" class=\"attachment-large size-large wp-image-3982\" alt=\"\" srcset=\"https:\/\/demo.wt.tr\/dental\/wp-content\/uploads\/sites\/5\/2025\/01\/Depositphotos_43327455_original.jpg 750w, https:\/\/demo.wt.tr\/dental\/wp-content\/uploads\/sites\/5\/2025\/01\/Depositphotos_43327455_original-300x200.jpg 300w, https:\/\/demo.wt.tr\/dental\/wp-content\/uploads\/sites\/5\/2025\/01\/Depositphotos_43327455_original-600x400.jpg 600w\" sizes=\"(max-width: 750px) 100vw, 750px\" \/>\t\t\t\t\t\t\t\t\t\t\t\t\t\t\t<\/div>\n\t\t\t\t<\/div>\n\t\t\t\t\t<\/div>\n\t\t<\/div>\n\t\t\t\t<div class=\"elementor-column elementor-col-50 elementor-top-column elementor-element elementor-element-f85ffae\" data-id=\"f85ffae\" data-element_type=\"column\">\n\t\t\t<div class=\"elementor-widget-wrap elementor-element-populated\">\n\t\t\t\t\t\t<div class=\"elementor-element elementor-element-c641e9d elementor-widget elementor-widget-dental-care-heading\" data-id=\"c641e9d\" data-element_type=\"widget\" data-widget_type=\"dental-care-heading.default\">\n\t\t\t\t<div class=\"elementor-widget-container\">\n\t\t\t\t\t<div class=\"stronghold-heading\"><div class=\"heading-title\"><h3 class=\"heading-title-element\">Profesyonel ve y\u00fcksek e\u011fitimli<\/h3><\/div><div class=\"heading-separator\"><span> <\/span><\/div><\/div>\t\t\t\t<\/div>\n\t\t\t\t<\/div>\n\t\t\t\t<div class=\"elementor-element elementor-element-76e70c6 elementor-widget elementor-widget-text-editor\" data-id=\"76e70c6\" data-element_type=\"widget\" data-widget_type=\"text-editor.default\">\n\t\t\t\t<div class=\"elementor-widget-container\">\n\t\t\t\t\t\t\t\t\t<p>Lorem ipsum dolor sit amet, consectetuer adipiscing elit. Aenean commodo ligula eget dolor. Aenean massa. Cum sociis natoque penatibus et magnis dis parturient montes, nascetur ridiculus mus.<\/p><p>Donec quam felis, ultricies nec, pellentesque eu, pretium quis, sem. Nulla consequat massa quis enim. Donec pede justo, fringilla vel, aliquet nec, vulputate eget, arcu.\u00a0Lorem ipsum dolor sit amet, consectetuer adipiscing elit. Aenean commodo ligula eget dolor. Aenean massa. Cum sociis natoque penatibus et magnis dis<\/p>\t\t\t\t\t\t\t\t<\/div>\n\t\t\t\t<\/div>\n\t\t\t\t\t<\/div>\n\t\t<\/div>\n\t\t\t\t\t<\/div>\n\t\t<\/section>\n\t\t\t\t<section class=\"elementor-section elementor-top-section elementor-element elementor-element-3b2f0da elementor-section-boxed elementor-section-height-default elementor-section-height-default\" data-id=\"3b2f0da\" data-element_type=\"section\" data-settings=\"{&quot;background_background&quot;:&quot;classic&quot;}\">\n\t\t\t\t\t\t<div class=\"elementor-container elementor-column-gap-wide\">\n\t\t\t\t\t<div class=\"elementor-column elementor-col-100 elementor-top-column elementor-element elementor-element-0f6efda\" data-id=\"0f6efda\" data-element_type=\"column\">\n\t\t\t<div class=\"elementor-widget-wrap elementor-element-populated\">\n\t\t\t\t\t\t<div class=\"elementor-element elementor-element-c40caa8 elementor-widget elementor-widget-dental-care-heading\" data-id=\"c40caa8\" data-element_type=\"widget\" data-widget_type=\"dental-care-heading.default\">\n\t\t\t\t<div class=\"elementor-widget-container\">\n\t\t\t\t\t<div class=\"stronghold-heading\"><div class=\"heading-subtitle\">Kaliteli ve uygun fiyatl\u0131 di\u015f hekimli\u011fi<\/div><div class=\"heading-title\"><h3 class=\"heading-title-element\">Tak\u0131mla Tan\u0131\u015f\u0131n<\/h3><\/div><div class=\"heading-separator\"><span> <\/span><\/div><\/div>\t\t\t\t<\/div>\n\t\t\t\t<\/div>\n\t\t\t\t<section class=\"elementor-section elementor-inner-section elementor-element elementor-element-2a85c2e elementor-section-boxed elementor-section-height-default elementor-section-height-default\" data-id=\"2a85c2e\" data-element_type=\"section\">\n\t\t\t\t\t\t<div class=\"elementor-container elementor-column-gap-default\">\n\t\t\t\t\t<div class=\"elementor-column elementor-col-16 elementor-inner-column elementor-element elementor-element-2bc70f5 elementor-hidden-tablet elementor-hidden-mobile\" data-id=\"2bc70f5\" data-element_type=\"column\">\n\t\t\t<div class=\"elementor-widget-wrap\">\n\t\t\t\t\t\t\t<\/div>\n\t\t<\/div>\n\t\t\t\t<div class=\"elementor-column elementor-col-66 elementor-inner-column elementor-element elementor-element-393ff60\" data-id=\"393ff60\" data-element_type=\"column\">\n\t\t\t<div class=\"elementor-widget-wrap elementor-element-populated\">\n\t\t\t\t\t\t<div class=\"elementor-element elementor-element-a975436 elementor-widget elementor-widget-text-editor\" data-id=\"a975436\" data-element_type=\"widget\" data-widget_type=\"text-editor.default\">\n\t\t\t\t<div class=\"elementor-widget-container\">\n\t\t\t\t\t\t\t\t\tLorem ipsum dolor sit amet, consectetuer adipiscing elit. Aenean commodo ligula eget dolor. Aenean massa. Cum sociis natoque penatibus et magnis dis parturient montes, nascetur ridiculus mus.\t\t\t\t\t\t\t\t<\/div>\n\t\t\t\t<\/div>\n\t\t\t\t\t<\/div>\n\t\t<\/div>\n\t\t\t\t<div class=\"elementor-column elementor-col-16 elementor-inner-column elementor-element elementor-element-8c187a6 elementor-hidden-tablet elementor-hidden-mobile\" data-id=\"8c187a6\" data-element_type=\"column\">\n\t\t\t<div class=\"elementor-widget-wrap\">\n\t\t\t\t\t\t\t<\/div>\n\t\t<\/div>\n\t\t\t\t\t<\/div>\n\t\t<\/section>\n\t\t\t\t<div class=\"elementor-element elementor-element-44dbb25 elementor-widget elementor-widget-dental-care-team\" data-id=\"44dbb25\" data-element_type=\"widget\" data-widget_type=\"dental-care-team.default\">\n\t\t\t\t<div class=\"elementor-widget-container\">\n\t\t\t\t\t<div class=\"dental-care-team-wrapper\"><div class=\"row\"><div class=\"col-md-3 team-member-block-item\"><div class=\"team-member-block\"><div class=\"team-member-block-img\"><img decoding=\"async\" width=\"370\" height=\"260\" src=\"https:\/\/demo.wt.tr\/dental\/wp-content\/uploads\/sites\/5\/2023\/01\/Depositphotos_48641441_original-370x260-1.jpg\" class=\"attachment-dental-care-block-thumb size-dental-care-block-thumb wp-post-image\" alt=\"\" srcset=\"https:\/\/demo.wt.tr\/dental\/wp-content\/uploads\/sites\/5\/2023\/01\/Depositphotos_48641441_original-370x260-1.jpg 370w, https:\/\/demo.wt.tr\/dental\/wp-content\/uploads\/sites\/5\/2023\/01\/Depositphotos_48641441_original-370x260-1-300x211.jpg 300w\" sizes=\"(max-width: 370px) 100vw, 370px\" \/><\/div><div class=\"team-member-main-detail\"><h5 class=\"team-member-main-name\">Sally Steele<\/h5> <div class=\"team-member-main-pos\"><\/div> <\/div> <\/div> <\/div><div class=\"col-md-3 team-member-block-item\"><div class=\"team-member-block\"><div class=\"team-member-block-img\"><img decoding=\"async\" width=\"370\" height=\"260\" src=\"https:\/\/demo.wt.tr\/dental\/wp-content\/uploads\/sites\/5\/2023\/01\/Depositphotos_13042582_original-370x260-1.jpg\" class=\"attachment-dental-care-block-thumb size-dental-care-block-thumb wp-post-image\" alt=\"\" srcset=\"https:\/\/demo.wt.tr\/dental\/wp-content\/uploads\/sites\/5\/2023\/01\/Depositphotos_13042582_original-370x260-1.jpg 370w, https:\/\/demo.wt.tr\/dental\/wp-content\/uploads\/sites\/5\/2023\/01\/Depositphotos_13042582_original-370x260-1-300x211.jpg 300w\" sizes=\"(max-width: 370px) 100vw, 370px\" \/><\/div><div class=\"team-member-main-detail\"><h5 class=\"team-member-main-name\">Peter Vincent<\/h5> <div class=\"team-member-main-pos\"><\/div> <\/div> <\/div> <\/div><div class=\"col-md-3 team-member-block-item\"><div class=\"team-member-block\"><div class=\"team-member-block-img\"><img loading=\"lazy\" decoding=\"async\" width=\"370\" height=\"260\" src=\"https:\/\/demo.wt.tr\/dental\/wp-content\/uploads\/sites\/5\/2023\/01\/Depositphotos_65294341_original-370x260-1.jpg\" class=\"attachment-dental-care-block-thumb size-dental-care-block-thumb wp-post-image\" alt=\"\" srcset=\"https:\/\/demo.wt.tr\/dental\/wp-content\/uploads\/sites\/5\/2023\/01\/Depositphotos_65294341_original-370x260-1.jpg 370w, https:\/\/demo.wt.tr\/dental\/wp-content\/uploads\/sites\/5\/2023\/01\/Depositphotos_65294341_original-370x260-1-300x211.jpg 300w\" sizes=\"(max-width: 370px) 100vw, 370px\" \/><\/div><div class=\"team-member-main-detail\"><h5 class=\"team-member-main-name\">Joseph Watkins<\/h5> <div class=\"team-member-main-pos\"><\/div> <\/div> <\/div> <\/div><div class=\"col-md-3 team-member-block-item\"><div class=\"team-member-block\"><div class=\"team-member-block-img\"><img loading=\"lazy\" decoding=\"async\" width=\"370\" height=\"260\" src=\"https:\/\/demo.wt.tr\/dental\/wp-content\/uploads\/sites\/5\/2023\/01\/Depositphotos_51593291_original-370x260-1.jpg\" class=\"attachment-dental-care-block-thumb size-dental-care-block-thumb wp-post-image\" alt=\"\" srcset=\"https:\/\/demo.wt.tr\/dental\/wp-content\/uploads\/sites\/5\/2023\/01\/Depositphotos_51593291_original-370x260-1.jpg 370w, https:\/\/demo.wt.tr\/dental\/wp-content\/uploads\/sites\/5\/2023\/01\/Depositphotos_51593291_original-370x260-1-300x211.jpg 300w\" sizes=\"(max-width: 370px) 100vw, 370px\" \/><\/div><div class=\"team-member-main-detail\"><h5 class=\"team-member-main-name\">Camille Walters<\/h5> <div class=\"team-member-main-pos\"><\/div> <\/div> <\/div> <\/div><\/div> <\/div> \t\t\t\t<\/div>\n\t\t\t\t<\/div>\n\t\t\t\t\t<\/div>\n\t\t<\/div>\n\t\t\t\t\t<\/div>\n\t\t<\/section>\n\t\t\t\t<section class=\"elementor-section elementor-top-section elementor-element elementor-element-72aa71c elementor-section-boxed elementor-section-height-default elementor-section-height-default\" data-id=\"72aa71c\" data-element_type=\"section\" data-settings=\"{&quot;background_background&quot;:&quot;classic&quot;}\">\n\t\t\t\t\t\t<div class=\"elementor-container elementor-column-gap-default\">\n\t\t\t\t\t<div class=\"elementor-column elementor-col-100 elementor-top-column elementor-element elementor-element-57ddb6c\" data-id=\"57ddb6c\" data-element_type=\"column\">\n\t\t\t<div class=\"elementor-widget-wrap elementor-element-populated\">\n\t\t\t\t\t\t<div class=\"elementor-element elementor-element-38c4bfe elementor-widget elementor-widget-dental-care-heading\" data-id=\"38c4bfe\" data-element_type=\"widget\" data-widget_type=\"dental-care-heading.default\">\n\t\t\t\t<div class=\"elementor-widget-container\">\n\t\t\t\t\t<div class=\"stronghold-heading\"><div class=\"heading-title\"><h3 class=\"heading-title-element\">Hayalinizdeki g\u00fcl\u00fcmsemeyi ger\u00e7e\u011fe d\u00f6n\u00fc\u015ft\u00fcr\u00fcn!<\/h3><\/div><\/div>\t\t\t\t<\/div>\n\t\t\t\t<\/div>\n\t\t\t\t<div class=\"elementor-element elementor-element-59d09fd elementor-widget elementor-widget-dental-care-heading\" data-id=\"59d09fd\" data-element_type=\"widget\" data-widget_type=\"dental-care-heading.default\">\n\t\t\t\t<div class=\"elementor-widget-container\">\n\t\t\t\t\t<div class=\"stronghold-heading\"><div class=\"heading-title\"><p class=\"heading-title-element\">Bizi aray\u0131n veya randevunuzu bug\u00fcn ay\u0131rt\u0131n<\/p><\/div><\/div>\t\t\t\t<\/div>\n\t\t\t\t<\/div>\n\t\t\t\t<div class=\"elementor-element elementor-element-51f54a6 elementor-widget elementor-widget-dental-care-button\" data-id=\"51f54a6\" data-element_type=\"widget\" data-widget_type=\"dental-care-button.default\">\n\t\t\t\t<div class=\"elementor-widget-container\">\n\t\t\t\t\t<div class=\"stronghold-btn\"><a class=\"stronghold-btn-link-url btn\" href=\"#\" class=\"btn\">Randevu Al<\/a><\/div>\t\t\t\t<\/div>\n\t\t\t\t<\/div>\n\t\t\t\t\t<\/div>\n\t\t<\/div>\n\t\t\t\t\t<\/div>\n\t\t<\/section>\n\t\t\t\t<\/div>\n\t\t","protected":false},"excerpt":{"rendered":"<p>Profesyonel ve y\u00fcksek e\u011fitimli Lorem ipsum dolor sit amet, consectetuer adipiscing elit. Aenean commodo ligula eget dolor. Aenean massa. Cum sociis natoque penatibus et magnis dis parturient montes, nascetur ridiculus mus. Donec quam felis, ultricies nec, pellentesque eu, pretium quis, sem. Nulla consequat massa quis enim. Donec pede justo, fringilla vel, aliquet nec, vulputate eget, [&hellip;]<\/p>\n","protected":false},"author":1,"featured_media":0,"parent":0,"menu_order":0,"comment_status":"closed","ping_status":"closed","template":"","meta":{"footnotes":""},"class_list":["post-2363","page","type-page","status-publish","hentry"],"_links":{"self":[{"href":"https:\/\/demo.wt.tr\/dental\/wp-json\/wp\/v2\/pages\/2363","targetHints":{"allow":["GET"]}}],"collection":[{"href":"https:\/\/demo.wt.tr\/dental\/wp-json\/wp\/v2\/pages"}],"about":[{"href":"https:\/\/demo.wt.tr\/dental\/wp-json\/wp\/v2\/types\/page"}],"author":[{"embeddable":true,"href":"https:\/\/demo.wt.tr\/dental\/wp-json\/wp\/v2\/users\/1"}],"replies":[{"embeddable":true,"href":"https:\/\/demo.wt.tr\/dental\/wp-json\/wp\/v2\/comments?post=2363"}],"version-history":[{"count":5,"href":"https:\/\/demo.wt.tr\/dental\/wp-json\/wp\/v2\/pages\/2363\/revisions"}],"predecessor-version":[{"id":3985,"href":"https:\/\/demo.wt.tr\/dental\/wp-json\/wp\/v2\/pages\/2363\/revisions\/3985"}],"wp:attachment":[{"href":"https:\/\/demo.wt.tr\/dental\/wp-json\/wp\/v2\/media?parent=2363"}],"curies":[{"name":"wp","href":"https:\/\/api.w.org\/{rel}","templated":true}]}}