{"id":2327,"date":"2023-01-21T14:47:15","date_gmt":"2023-01-21T14:47:15","guid":{"rendered":"https:\/\/dentalcare.strongholdthemes.com\/dummydata\/demo1\/?page_id=2327"},"modified":"2025-01-30T10:06:48","modified_gmt":"2025-01-30T07:06:48","slug":"iletisim-2","status":"publish","type":"page","link":"https:\/\/demo.wt.tr\/dental\/iletisim-2\/","title":{"rendered":"\u0130leti\u015fim 2"},"content":{"rendered":"\t\t<div data-elementor-type=\"wp-page\" data-elementor-id=\"2327\" class=\"elementor elementor-2327\">\n\t\t\t\t\t\t<section class=\"elementor-section elementor-top-section elementor-element elementor-element-90244cb elementor-section-full_width elementor-section-height-default elementor-section-height-default\" data-id=\"90244cb\" data-element_type=\"section\">\n\t\t\t\t\t\t<div class=\"elementor-container elementor-column-gap-no\">\n\t\t\t\t\t<div class=\"elementor-column elementor-col-100 elementor-top-column elementor-element elementor-element-78a5aae\" data-id=\"78a5aae\" data-element_type=\"column\">\n\t\t\t<div class=\"elementor-widget-wrap elementor-element-populated\">\n\t\t\t\t\t\t<div class=\"elementor-element elementor-element-1ef84a9 elementor-widget elementor-widget-google_maps\" data-id=\"1ef84a9\" data-element_type=\"widget\" data-widget_type=\"google_maps.default\">\n\t\t\t\t<div class=\"elementor-widget-container\">\n\t\t\t\t\t\t\t<div class=\"elementor-custom-embed\">\n\t\t\t<iframe loading=\"lazy\"\n\t\t\t\t\tsrc=\"https:\/\/maps.google.com\/maps?q=Ankara&#038;t=m&#038;z=10&#038;output=embed&#038;iwloc=near\"\n\t\t\t\t\ttitle=\"Ankara\"\n\t\t\t\t\taria-label=\"Ankara\"\n\t\t\t><\/iframe>\n\t\t<\/div>\n\t\t\t\t\t\t<\/div>\n\t\t\t\t<\/div>\n\t\t\t\t\t<\/div>\n\t\t<\/div>\n\t\t\t\t\t<\/div>\n\t\t<\/section>\n\t\t\t\t<section class=\"elementor-section elementor-top-section elementor-element elementor-element-d9f60e2 elementor-section-boxed elementor-section-height-default elementor-section-height-default\" data-id=\"d9f60e2\" data-element_type=\"section\">\n\t\t\t\t\t\t<div class=\"elementor-container elementor-column-gap-wide\">\n\t\t\t\t\t<div class=\"elementor-column elementor-col-50 elementor-top-column elementor-element elementor-element-2ce649d\" data-id=\"2ce649d\" data-element_type=\"column\">\n\t\t\t<div class=\"elementor-widget-wrap elementor-element-populated\">\n\t\t\t\t\t\t<div class=\"elementor-element elementor-element-b65187a elementor-widget elementor-widget-dental-care-heading\" data-id=\"b65187a\" data-element_type=\"widget\" data-widget_type=\"dental-care-heading.default\">\n\t\t\t\t<div class=\"elementor-widget-container\">\n\t\t\t\t\t<div class=\"stronghold-heading\"><div class=\"heading-title\"><h3 class=\"heading-title-element\">Bizimle \u0130leti\u015fime Ge\u00e7in<\/h3><\/div><div class=\"heading-separator\"><span> <\/span><\/div><\/div>\t\t\t\t<\/div>\n\t\t\t\t<\/div>\n\t\t\t\t<div class=\"elementor-element elementor-element-f993c2e elementor-widget elementor-widget-text-editor\" data-id=\"f993c2e\" data-element_type=\"widget\" data-widget_type=\"text-editor.default\">\n\t\t\t\t<div class=\"elementor-widget-container\">\n\t\t\t\t\t\t\t\t\tMaecenas tempus, tellus eget condimentum rhoncus, sem quam semper libero, sit amet adipiscing sem neque sed ipsum. Nam quam nunc, blandit vel, luctus pulvinar, hendrerit id, lorem. Maecenas nec odio et ante tincidunt tempus.\t\t\t\t\t\t\t\t<\/div>\n\t\t\t\t<\/div>\n\t\t\t\t<div class=\"elementor-element elementor-element-333409d elementor-widget elementor-widget-dental-care-info-list\" data-id=\"333409d\" data-element_type=\"widget\" data-widget_type=\"dental-care-info-list.default\">\n\t\t\t\t<div class=\"elementor-widget-container\">\n\t\t\t\t\t<div class=\"stronghold-info-list-wrapper\" style=\"\"><div class=\"stronghold-info-list-item\"><span class=\"stronghold-info-list-icon\"><i class=\"stronghold-info-list-icon-element fas fa-map-marker-alt\" style=\" height: 40px !important; line-height: 40px !important; width: 40px !important; border-radius: 6px; padding: 0px !important; border-radius: 50%;\"><\/i><\/span><div class=\"stronghold-info-list-content\"><div class=\"stronghold-info-list-title\"><h4 class=\"stronghold-info-list-title-element\">Adres<\/h4><\/div><div class=\"stronghold-info-list-desc\"><div>Ankara \/ T\u00fcrkiye<\/div><\/div><\/div><\/div><div class=\"stronghold-info-list-item\"><span class=\"stronghold-info-list-icon\"><i class=\"stronghold-info-list-icon-element fas fa-phone-alt\" style=\" height: 40px !important; line-height: 40px !important; width: 40px !important; border-radius: 6px; padding: 0px !important; border-radius: 50%;\"><\/i><\/span><div class=\"stronghold-info-list-content\"><div class=\"stronghold-info-list-title\"><a href=\"tel:+908503055052\"><h4 class=\"stronghold-info-list-title-element\">Telefon<\/h4><\/a><\/div><div class=\"stronghold-info-list-desc\"><div>+908503055052<\/div><\/div><\/div><\/div><div class=\"stronghold-info-list-item\"><span class=\"stronghold-info-list-icon\"><i class=\"stronghold-info-list-icon-element fas fa-phone-alt\" style=\" height: 40px !important; line-height: 40px !important; width: 40px !important; border-radius: 6px; padding: 0px !important; border-radius: 50%;\"><\/i><\/span><div class=\"stronghold-info-list-content\"><div class=\"stronghold-info-list-title\"><a href=\"mailto:tema@wt.tr\"><h4 class=\"stronghold-info-list-title-element\">E-Posta<\/h4><\/a><\/div><div class=\"stronghold-info-list-desc\"><div>tema@wt.tr<\/div><\/div><\/div><\/div><div class=\"stronghold-info-list-item\"><span class=\"stronghold-info-list-icon\"><i class=\"stronghold-info-list-icon-element fas fa-phone-alt\" style=\" height: 40px !important; line-height: 40px !important; width: 40px !important; border-radius: 6px; padding: 0px !important; border-radius: 50%;\"><\/i><\/span><div class=\"stronghold-info-list-content\"><div class=\"stronghold-info-list-title\"><h4 class=\"stronghold-info-list-title-element\">\u00c7al\u0131\u015fma Saatleri<\/h4><\/div><div class=\"stronghold-info-list-desc\"><div>Hafta \u0130\u00e7i: 8:00 \u2013 19:00<\/div><\/div><\/div><\/div><div class=\"stronghold-info-list-item\"><span class=\"stronghold-info-list-icon\"><i class=\"stronghold-info-list-icon-element fas fa-phone-alt\" style=\" height: 40px !important; line-height: 40px !important; width: 40px !important; border-radius: 6px; padding: 0px !important; border-radius: 50%;\"><\/i><\/span><div class=\"stronghold-info-list-content\"><div class=\"stronghold-info-list-title\"><h4 class=\"stronghold-info-list-title-element\">\u00c7al\u0131\u015fma Saatleri<\/h4><\/div><div class=\"stronghold-info-list-desc\"><div>Cumartesi : 8:00 \u2013 19:00<\/div><\/div><\/div><\/div><div class=\"stronghold-info-list-item\"><span class=\"stronghold-info-list-icon\"><i class=\"stronghold-info-list-icon-element fas fa-phone-alt\" style=\" height: 40px !important; line-height: 40px !important; width: 40px !important; border-radius: 6px; padding: 0px !important; border-radius: 50%;\"><\/i><\/span><div class=\"stronghold-info-list-content\"><div class=\"stronghold-info-list-title\"><h4 class=\"stronghold-info-list-title-element\">\u00c7al\u0131\u015fma Saatleri<\/h4><\/div><div class=\"stronghold-info-list-desc\"><div>Pazar : KAPALI<\/div><\/div><\/div><\/div><\/div>\t\t\t\t<\/div>\n\t\t\t\t<\/div>\n\t\t\t\t\t<\/div>\n\t\t<\/div>\n\t\t\t\t<div class=\"elementor-column elementor-col-50 elementor-top-column elementor-element elementor-element-9e6e9d3\" data-id=\"9e6e9d3\" data-element_type=\"column\">\n\t\t\t<div class=\"elementor-widget-wrap elementor-element-populated\">\n\t\t\t\t\t\t<div class=\"elementor-element elementor-element-27bb5b0 elementor-widget elementor-widget-dental-care-heading\" data-id=\"27bb5b0\" data-element_type=\"widget\" data-widget_type=\"dental-care-heading.default\">\n\t\t\t\t<div class=\"elementor-widget-container\">\n\t\t\t\t\t<div class=\"stronghold-heading\"><div class=\"heading-title\"><h3 class=\"heading-title-element\">Bize bir mesaj b\u0131rak\u0131n<\/h3><\/div><div class=\"heading-separator\"><span> <\/span><\/div><\/div>\t\t\t\t<\/div>\n\t\t\t\t<\/div>\n\t\t\t\t<div class=\"elementor-element elementor-element-c531d6b elementor-widget elementor-widget-text-editor\" data-id=\"c531d6b\" data-element_type=\"widget\" data-widget_type=\"text-editor.default\">\n\t\t\t\t<div class=\"elementor-widget-container\">\n\t\t\t\t\t\t\t\t\t<p>Aenean massa. Cum sociis natoque penatibus et magnis dis parturient montes, nascetur ridiculus mus. Donec quam felis, ultricies nec, pellentesque eu, pretium quis, sem.<\/p>\t\t\t\t\t\t\t\t<\/div>\n\t\t\t\t<\/div>\n\t\t\t\t<div class=\"elementor-element elementor-element-77c5e41 elementor-widget elementor-widget-dental-care-contact-form\" data-id=\"77c5e41\" data-element_type=\"widget\" data-widget_type=\"dental-care-contact-form.default\">\n\t\t\t\t<div class=\"elementor-widget-container\">\n\t\t\t\t\t           \r\n            <div class=\"contact-form-wrapper\">\r\n                \n<div class=\"wpcf7 no-js\" id=\"wpcf7-f1634-o1\" lang=\"en-US\" dir=\"ltr\" data-wpcf7-id=\"1634\">\n<div class=\"screen-reader-response\"><p role=\"status\" aria-live=\"polite\" aria-atomic=\"true\"><\/p> <ul><\/ul><\/div>\n<form action=\"\/dental\/wp-json\/wp\/v2\/pages\/2327#wpcf7-f1634-o1\" method=\"post\" class=\"wpcf7-form init\" aria-label=\"Contact form\" novalidate=\"novalidate\" data-status=\"init\">\n<div style=\"display: none;\">\n<input type=\"hidden\" name=\"_wpcf7\" value=\"1634\" \/>\n<input type=\"hidden\" name=\"_wpcf7_version\" value=\"6.0.5\" \/>\n<input type=\"hidden\" name=\"_wpcf7_locale\" value=\"en_US\" \/>\n<input type=\"hidden\" name=\"_wpcf7_unit_tag\" value=\"wpcf7-f1634-o1\" \/>\n<input type=\"hidden\" name=\"_wpcf7_container_post\" value=\"0\" \/>\n<input type=\"hidden\" name=\"_wpcf7_posted_data_hash\" value=\"\" \/>\n<\/div>\n<div class=\"input-group\">\n\t<p><span class=\"wpcf7-form-control-wrap\" data-name=\"text-692\"><input size=\"40\" maxlength=\"400\" class=\"wpcf7-form-control wpcf7-text wpcf7-validates-as-required\" aria-required=\"true\" aria-invalid=\"false\" placeholder=\"Name*\" value=\"\" type=\"text\" name=\"text-692\" \/><\/span>\n\t<\/p>\n<\/div>\n<div class=\"input-group\">\n\t<p><span class=\"wpcf7-form-control-wrap\" data-name=\"email-230\"><input size=\"40\" maxlength=\"400\" class=\"wpcf7-form-control wpcf7-email wpcf7-validates-as-required wpcf7-text wpcf7-validates-as-email\" aria-required=\"true\" aria-invalid=\"false\" placeholder=\"Email*\" value=\"\" type=\"email\" name=\"email-230\" \/><\/span>\n\t<\/p>\n<\/div>\n<div class=\"input-group\">\n\t<p><span class=\"wpcf7-form-control-wrap\" data-name=\"text-693\"><input size=\"40\" maxlength=\"400\" class=\"wpcf7-form-control wpcf7-text wpcf7-validates-as-required\" aria-required=\"true\" aria-invalid=\"false\" placeholder=\"Phone Number*\" value=\"\" type=\"text\" name=\"text-693\" \/><\/span>\n\t<\/p>\n<\/div>\n<p><span class=\"wpcf7-form-control-wrap\" data-name=\"textarea-248\"><textarea cols=\"40\" rows=\"10\" maxlength=\"2000\" class=\"wpcf7-form-control wpcf7-textarea wpcf7-validates-as-required\" aria-required=\"true\" aria-invalid=\"false\" placeholder=\"Message\" name=\"textarea-248\"><\/textarea><\/span>\n<\/p>\n<p><input class=\"wpcf7-form-control wpcf7-submit has-spinner\" type=\"submit\" value=\"Send\" \/>\n<\/p><div class=\"wpcf7-response-output\" aria-hidden=\"true\"><\/div>\n<\/form>\n<\/div>\n            <\/div>\r\n            \t\t\t\t<\/div>\n\t\t\t\t<\/div>\n\t\t\t\t\t<\/div>\n\t\t<\/div>\n\t\t\t\t\t<\/div>\n\t\t<\/section>\n\t\t\t\t<\/div>\n\t\t","protected":false},"excerpt":{"rendered":"<p>Bizimle \u0130leti\u015fime Ge\u00e7in Maecenas tempus, tellus eget condimentum rhoncus, sem quam semper libero, sit amet adipiscing sem neque sed ipsum. Nam quam nunc, blandit vel, luctus pulvinar, hendrerit id, lorem. Maecenas nec odio et ante tincidunt tempus. Adres Ankara \/ T\u00fcrkiye Telefon +908503055052 E-Posta tema@wt.tr \u00c7al\u0131\u015fma Saatleri Hafta \u0130\u00e7i: 8:00 \u2013 19:00 \u00c7al\u0131\u015fma Saatleri Cumartesi [&hellip;]<\/p>\n","protected":false},"author":1,"featured_media":0,"parent":0,"menu_order":0,"comment_status":"closed","ping_status":"closed","template":"","meta":{"footnotes":""},"class_list":["post-2327","page","type-page","status-publish","hentry"],"_links":{"self":[{"href":"https:\/\/demo.wt.tr\/dental\/wp-json\/wp\/v2\/pages\/2327","targetHints":{"allow":["GET"]}}],"collection":[{"href":"https:\/\/demo.wt.tr\/dental\/wp-json\/wp\/v2\/pages"}],"about":[{"href":"https:\/\/demo.wt.tr\/dental\/wp-json\/wp\/v2\/types\/page"}],"author":[{"embeddable":true,"href":"https:\/\/demo.wt.tr\/dental\/wp-json\/wp\/v2\/users\/1"}],"replies":[{"embeddable":true,"href":"https:\/\/demo.wt.tr\/dental\/wp-json\/wp\/v2\/comments?post=2327"}],"version-history":[{"count":4,"href":"https:\/\/demo.wt.tr\/dental\/wp-json\/wp\/v2\/pages\/2327\/revisions"}],"predecessor-version":[{"id":3960,"href":"https:\/\/demo.wt.tr\/dental\/wp-json\/wp\/v2\/pages\/2327\/revisions\/3960"}],"wp:attachment":[{"href":"https:\/\/demo.wt.tr\/dental\/wp-json\/wp\/v2\/media?parent=2327"}],"curies":[{"name":"wp","href":"https:\/\/api.w.org\/{rel}","templated":true}]}}