{"id":2326,"date":"2023-01-21T14:47:11","date_gmt":"2023-01-21T14:47:11","guid":{"rendered":"https:\/\/dentalcare.strongholdthemes.com\/dummydata\/demo1\/?page_id=2326"},"modified":"2025-01-30T10:04:24","modified_gmt":"2025-01-30T07:04:24","slug":"iletisim-1","status":"publish","type":"page","link":"https:\/\/demo.wt.tr\/dental\/iletisim-1\/","title":{"rendered":"\u0130leti\u015fim 1"},"content":{"rendered":"\t\t<div data-elementor-type=\"wp-page\" data-elementor-id=\"2326\" class=\"elementor elementor-2326\">\n\t\t\t\t\t\t<section class=\"elementor-section elementor-top-section elementor-element elementor-element-905b3bb elementor-section-boxed elementor-section-height-default elementor-section-height-default\" data-id=\"905b3bb\" data-element_type=\"section\">\n\t\t\t\t\t\t<div class=\"elementor-container elementor-column-gap-default\">\n\t\t\t\t\t<div class=\"elementor-column elementor-col-100 elementor-top-column elementor-element elementor-element-059a487\" data-id=\"059a487\" data-element_type=\"column\">\n\t\t\t<div class=\"elementor-widget-wrap elementor-element-populated\">\n\t\t\t\t\t\t<div class=\"elementor-element elementor-element-af8eaa3 elementor-widget elementor-widget-dental-care-heading\" data-id=\"af8eaa3\" data-element_type=\"widget\" data-widget_type=\"dental-care-heading.default\">\n\t\t\t\t<div class=\"elementor-widget-container\">\n\t\t\t\t\t<div class=\"stronghold-heading\"><div class=\"heading-subtitle\">Sizden haber almaktan mutluluk duyar\u0131z<\/div><div class=\"heading-title\"><h3 class=\"heading-title-element\">Bizimle \u0130leti\u015fime Ge\u00e7in<\/h3><\/div><div class=\"heading-separator\"><span> <\/span><\/div><\/div>\t\t\t\t<\/div>\n\t\t\t\t<\/div>\n\t\t\t\t<section class=\"elementor-section elementor-inner-section elementor-element elementor-element-47ff7da elementor-section-boxed elementor-section-height-default elementor-section-height-default\" data-id=\"47ff7da\" data-element_type=\"section\">\n\t\t\t\t\t\t<div class=\"elementor-container elementor-column-gap-default\">\n\t\t\t\t\t<div class=\"elementor-column elementor-col-16 elementor-inner-column elementor-element elementor-element-6c7dc22\" data-id=\"6c7dc22\" data-element_type=\"column\">\n\t\t\t<div class=\"elementor-widget-wrap\">\n\t\t\t\t\t\t\t<\/div>\n\t\t<\/div>\n\t\t\t\t<div class=\"elementor-column elementor-col-66 elementor-inner-column elementor-element elementor-element-5358276\" data-id=\"5358276\" data-element_type=\"column\">\n\t\t\t<div class=\"elementor-widget-wrap elementor-element-populated\">\n\t\t\t\t\t\t<div class=\"elementor-element elementor-element-04bd9bd elementor-widget elementor-widget-text-editor\" data-id=\"04bd9bd\" data-element_type=\"widget\" data-widget_type=\"text-editor.default\">\n\t\t\t\t<div class=\"elementor-widget-container\">\n\t\t\t\t\t\t\t\t\tMaecenas tempus, tellus eget condimentum rhoncus, sem quam semper libero, sit amet adipiscing sem neque sed ipsum. Nam quam nunc, blandit vel, luctus pulvinar, hendrerit id, lorem. Maecenas nec odio et ante tincidunt tempus.\t\t\t\t\t\t\t\t<\/div>\n\t\t\t\t<\/div>\n\t\t\t\t\t<\/div>\n\t\t<\/div>\n\t\t\t\t<div class=\"elementor-column elementor-col-16 elementor-inner-column elementor-element elementor-element-627540b\" data-id=\"627540b\" data-element_type=\"column\">\n\t\t\t<div class=\"elementor-widget-wrap\">\n\t\t\t\t\t\t\t<\/div>\n\t\t<\/div>\n\t\t\t\t\t<\/div>\n\t\t<\/section>\n\t\t\t\t\t<\/div>\n\t\t<\/div>\n\t\t\t\t\t<\/div>\n\t\t<\/section>\n\t\t\t\t<section class=\"elementor-section elementor-top-section elementor-element elementor-element-6c8460a elementor-section-boxed elementor-section-height-default elementor-section-height-default\" data-id=\"6c8460a\" data-element_type=\"section\">\n\t\t\t\t\t\t<div class=\"elementor-container elementor-column-gap-wide\">\n\t\t\t\t\t<div class=\"elementor-column elementor-col-25 elementor-top-column elementor-element elementor-element-b9eb85a\" data-id=\"b9eb85a\" data-element_type=\"column\">\n\t\t\t<div class=\"elementor-widget-wrap elementor-element-populated\">\n\t\t\t\t\t\t<div class=\"elementor-element elementor-element-6482473 elementor-widget elementor-widget-dental-care-info-icon\" data-id=\"6482473\" data-element_type=\"widget\" data-widget_type=\"dental-care-info-icon.default\">\n\t\t\t\t<div class=\"elementor-widget-container\">\n\t\t\t\t\t<div class=\"stronghold-info-icon-wrapper\"><div class=\"stronghold-info-icon\"><div class=\"icon-wrapper\" style=\" margin: 0 auto;\"><i class=\"info-icon-element fas fa-map-marker-alt\" style=\" height: 64px !important; line-height: 64px !important; width: 64px !important; border-radius: 6px; padding: 0px !important; border-radius: 50%;\"><\/i><\/div><\/div><div class=\"stronghold-info-icon-content\"><div class=\"stronghold-info-icon-title\"><h4 class=\"stronghold-info-icon-title-element\">Adres<\/h4><\/div><div class=\"stronghold-info-icon-desc\"><p>Ankara \/ T\u00fcrkiye <\/p><\/div><\/div><\/div>\t\t\t\t<\/div>\n\t\t\t\t<\/div>\n\t\t\t\t\t<\/div>\n\t\t<\/div>\n\t\t\t\t<div class=\"elementor-column elementor-col-25 elementor-top-column elementor-element elementor-element-43fd4d2\" data-id=\"43fd4d2\" data-element_type=\"column\">\n\t\t\t<div class=\"elementor-widget-wrap elementor-element-populated\">\n\t\t\t\t\t\t<div class=\"elementor-element elementor-element-91af866 elementor-widget elementor-widget-dental-care-info-icon\" data-id=\"91af866\" data-element_type=\"widget\" data-widget_type=\"dental-care-info-icon.default\">\n\t\t\t\t<div class=\"elementor-widget-container\">\n\t\t\t\t\t<div class=\"stronghold-info-icon-wrapper\"><div class=\"stronghold-info-icon\"><div class=\"icon-wrapper\" style=\" margin: 0 auto;\"><i class=\"info-icon-element far fa-clock\" style=\" height: 64px !important; line-height: 64px !important; width: 64px !important; border-radius: 6px; padding: 0px !important; border-radius: 50%;\"><\/i><\/div><\/div><div class=\"stronghold-info-icon-content\"><div class=\"stronghold-info-icon-title\"><h4 class=\"stronghold-info-icon-title-element\">\u00c7al\u0131\u015fma Saatleri<\/h4><\/div><div class=\"stronghold-info-icon-desc\"><p>Hafta \u0130\u00e7i: 8:00 \u2013 19:00 <\/p><\/div><\/div><\/div>\t\t\t\t<\/div>\n\t\t\t\t<\/div>\n\t\t\t\t\t<\/div>\n\t\t<\/div>\n\t\t\t\t<div class=\"elementor-column elementor-col-25 elementor-top-column elementor-element elementor-element-7c67ad3\" data-id=\"7c67ad3\" data-element_type=\"column\">\n\t\t\t<div class=\"elementor-widget-wrap elementor-element-populated\">\n\t\t\t\t\t\t<div class=\"elementor-element elementor-element-562bbdf elementor-widget elementor-widget-dental-care-info-icon\" data-id=\"562bbdf\" data-element_type=\"widget\" data-widget_type=\"dental-care-info-icon.default\">\n\t\t\t\t<div class=\"elementor-widget-container\">\n\t\t\t\t\t<div class=\"stronghold-info-icon-wrapper\"><div class=\"stronghold-info-icon\"><div class=\"icon-wrapper\" style=\" margin: 0 auto;\"><i class=\"info-icon-element fas fa-phone-alt\" style=\" height: 64px !important; line-height: 64px !important; width: 64px !important; border-radius: 6px; padding: 0px !important; border-radius: 50%;\"><\/i><\/div><\/div><div class=\"stronghold-info-icon-content\"><div class=\"stronghold-info-icon-title\"><a href=\"tel:+908503055052\"><h4 class=\"stronghold-info-icon-title-element\">Telefon<\/h4><\/a><\/div><div class=\"stronghold-info-icon-desc\"><p>+908503055052 <\/p><\/div><\/div><\/div>\t\t\t\t<\/div>\n\t\t\t\t<\/div>\n\t\t\t\t\t<\/div>\n\t\t<\/div>\n\t\t\t\t<div class=\"elementor-column elementor-col-25 elementor-top-column elementor-element elementor-element-40c72cc\" data-id=\"40c72cc\" data-element_type=\"column\">\n\t\t\t<div class=\"elementor-widget-wrap elementor-element-populated\">\n\t\t\t\t\t\t<div class=\"elementor-element elementor-element-d71da3a elementor-widget elementor-widget-dental-care-info-icon\" data-id=\"d71da3a\" data-element_type=\"widget\" data-widget_type=\"dental-care-info-icon.default\">\n\t\t\t\t<div class=\"elementor-widget-container\">\n\t\t\t\t\t<div class=\"stronghold-info-icon-wrapper\"><div class=\"stronghold-info-icon\"><div class=\"icon-wrapper\" style=\" margin: 0 auto;\"><i class=\"info-icon-element far fa-envelope\" style=\" height: 64px !important; line-height: 64px !important; width: 64px !important; border-radius: 6px; padding: 0px !important; border-radius: 50%;\"><\/i><\/div><\/div><div class=\"stronghold-info-icon-content\"><div class=\"stronghold-info-icon-title\"><a href=\"mailto:tema@wt.tr\"><h4 class=\"stronghold-info-icon-title-element\">E-Mail<\/h4><\/a><\/div><div class=\"stronghold-info-icon-desc\"><p>tema@wt.tr <\/p><\/div><\/div><\/div>\t\t\t\t<\/div>\n\t\t\t\t<\/div>\n\t\t\t\t\t<\/div>\n\t\t<\/div>\n\t\t\t\t\t<\/div>\n\t\t<\/section>\n\t\t\t\t<section class=\"elementor-section elementor-top-section elementor-element elementor-element-2b0a4c6 elementor-section-boxed elementor-section-height-default elementor-section-height-default\" data-id=\"2b0a4c6\" data-element_type=\"section\">\n\t\t\t\t\t\t<div class=\"elementor-container elementor-column-gap-wide\">\n\t\t\t\t\t<div class=\"elementor-column elementor-col-50 elementor-top-column elementor-element elementor-element-ef8ca65\" data-id=\"ef8ca65\" data-element_type=\"column\">\n\t\t\t<div class=\"elementor-widget-wrap elementor-element-populated\">\n\t\t\t\t\t\t<div class=\"elementor-element elementor-element-0d168b9 elementor-widget elementor-widget-dental-care-heading\" data-id=\"0d168b9\" data-element_type=\"widget\" data-widget_type=\"dental-care-heading.default\">\n\t\t\t\t<div class=\"elementor-widget-container\">\n\t\t\t\t\t<div class=\"stronghold-heading\"><div class=\"heading-title\"><h3 class=\"heading-title-element\">Bize bir mesaj b\u0131rak\u0131n<\/h3><\/div><div class=\"heading-separator\"><span> <\/span><\/div><\/div>\t\t\t\t<\/div>\n\t\t\t\t<\/div>\n\t\t\t\t<div class=\"elementor-element elementor-element-179ef05 elementor-widget elementor-widget-text-editor\" data-id=\"179ef05\" data-element_type=\"widget\" data-widget_type=\"text-editor.default\">\n\t\t\t\t<div class=\"elementor-widget-container\">\n\t\t\t\t\t\t\t\t\t<p>Aenean massa. Cum sociis natoque penatibus et magnis dis parturient montes, nascetur ridiculus mus. Donec quam felis, ultricies nec, pellentesque eu, pretium quis, sem.<\/p>\t\t\t\t\t\t\t\t<\/div>\n\t\t\t\t<\/div>\n\t\t\t\t<div class=\"elementor-element elementor-element-ab0b8f0 elementor-widget elementor-widget-dental-care-contact-form\" data-id=\"ab0b8f0\" data-element_type=\"widget\" data-widget_type=\"dental-care-contact-form.default\">\n\t\t\t\t<div class=\"elementor-widget-container\">\n\t\t\t\t\t           \r\n            <div class=\"contact-form-wrapper\">\r\n                \n<div class=\"wpcf7 no-js\" id=\"wpcf7-f1634-o1\" lang=\"en-US\" dir=\"ltr\" data-wpcf7-id=\"1634\">\n<div class=\"screen-reader-response\"><p role=\"status\" aria-live=\"polite\" aria-atomic=\"true\"><\/p> <ul><\/ul><\/div>\n<form action=\"\/dental\/wp-json\/wp\/v2\/pages\/2326#wpcf7-f1634-o1\" method=\"post\" class=\"wpcf7-form init\" aria-label=\"Contact form\" novalidate=\"novalidate\" data-status=\"init\">\n<div style=\"display: none;\">\n<input type=\"hidden\" name=\"_wpcf7\" value=\"1634\" \/>\n<input type=\"hidden\" name=\"_wpcf7_version\" value=\"6.0.5\" \/>\n<input type=\"hidden\" name=\"_wpcf7_locale\" value=\"en_US\" \/>\n<input type=\"hidden\" name=\"_wpcf7_unit_tag\" value=\"wpcf7-f1634-o1\" \/>\n<input type=\"hidden\" name=\"_wpcf7_container_post\" value=\"0\" \/>\n<input type=\"hidden\" name=\"_wpcf7_posted_data_hash\" value=\"\" \/>\n<\/div>\n<div class=\"input-group\">\n\t<p><span class=\"wpcf7-form-control-wrap\" data-name=\"text-692\"><input size=\"40\" maxlength=\"400\" class=\"wpcf7-form-control wpcf7-text wpcf7-validates-as-required\" aria-required=\"true\" aria-invalid=\"false\" placeholder=\"Name*\" value=\"\" type=\"text\" name=\"text-692\" \/><\/span>\n\t<\/p>\n<\/div>\n<div class=\"input-group\">\n\t<p><span class=\"wpcf7-form-control-wrap\" data-name=\"email-230\"><input size=\"40\" maxlength=\"400\" class=\"wpcf7-form-control wpcf7-email wpcf7-validates-as-required wpcf7-text wpcf7-validates-as-email\" aria-required=\"true\" aria-invalid=\"false\" placeholder=\"Email*\" value=\"\" type=\"email\" name=\"email-230\" \/><\/span>\n\t<\/p>\n<\/div>\n<div class=\"input-group\">\n\t<p><span class=\"wpcf7-form-control-wrap\" data-name=\"text-693\"><input size=\"40\" maxlength=\"400\" class=\"wpcf7-form-control wpcf7-text wpcf7-validates-as-required\" aria-required=\"true\" aria-invalid=\"false\" placeholder=\"Phone Number*\" value=\"\" type=\"text\" name=\"text-693\" \/><\/span>\n\t<\/p>\n<\/div>\n<p><span class=\"wpcf7-form-control-wrap\" data-name=\"textarea-248\"><textarea cols=\"40\" rows=\"10\" maxlength=\"2000\" class=\"wpcf7-form-control wpcf7-textarea wpcf7-validates-as-required\" aria-required=\"true\" aria-invalid=\"false\" placeholder=\"Message\" name=\"textarea-248\"><\/textarea><\/span>\n<\/p>\n<p><input class=\"wpcf7-form-control wpcf7-submit has-spinner\" type=\"submit\" value=\"Send\" \/>\n<\/p><div class=\"wpcf7-response-output\" aria-hidden=\"true\"><\/div>\n<\/form>\n<\/div>\n            <\/div>\r\n            \t\t\t\t<\/div>\n\t\t\t\t<\/div>\n\t\t\t\t\t<\/div>\n\t\t<\/div>\n\t\t\t\t<div class=\"elementor-column elementor-col-50 elementor-top-column elementor-element elementor-element-f6d7840\" data-id=\"f6d7840\" data-element_type=\"column\">\n\t\t\t<div class=\"elementor-widget-wrap elementor-element-populated\">\n\t\t\t\t\t\t<div class=\"elementor-element elementor-element-7b28ac6 elementor-widget elementor-widget-dental-care-heading\" data-id=\"7b28ac6\" data-element_type=\"widget\" data-widget_type=\"dental-care-heading.default\">\n\t\t\t\t<div class=\"elementor-widget-container\">\n\t\t\t\t\t<div class=\"stronghold-heading\"><div class=\"heading-title\"><h3 class=\"heading-title-element\">Ofisimizi ziyaret edin<\/h3><\/div><div class=\"heading-separator\"><span> <\/span><\/div><\/div>\t\t\t\t<\/div>\n\t\t\t\t<\/div>\n\t\t\t\t<div class=\"elementor-element elementor-element-dbb6af6 elementor-widget elementor-widget-text-editor\" data-id=\"dbb6af6\" data-element_type=\"widget\" data-widget_type=\"text-editor.default\">\n\t\t\t\t<div class=\"elementor-widget-container\">\n\t\t\t\t\t\t\t\t\t<p>Aenean massa. Cum sociis natoque penatibus et magnis dis parturient montes, nascetur ridiculus mus. Donec quam felis, ultricies nec, pellentesque eu, pretium quis, sem.<\/p>\t\t\t\t\t\t\t\t<\/div>\n\t\t\t\t<\/div>\n\t\t\t\t<div class=\"elementor-element elementor-element-68f4d9d elementor-widget elementor-widget-google_maps\" data-id=\"68f4d9d\" data-element_type=\"widget\" data-widget_type=\"google_maps.default\">\n\t\t\t\t<div class=\"elementor-widget-container\">\n\t\t\t\t\t\t\t<div class=\"elementor-custom-embed\">\n\t\t\t<iframe loading=\"lazy\"\n\t\t\t\t\tsrc=\"https:\/\/maps.google.com\/maps?q=Ankara&#038;t=m&#038;z=10&#038;output=embed&#038;iwloc=near\"\n\t\t\t\t\ttitle=\"Ankara\"\n\t\t\t\t\taria-label=\"Ankara\"\n\t\t\t><\/iframe>\n\t\t<\/div>\n\t\t\t\t\t\t<\/div>\n\t\t\t\t<\/div>\n\t\t\t\t\t<\/div>\n\t\t<\/div>\n\t\t\t\t\t<\/div>\n\t\t<\/section>\n\t\t\t\t<\/div>\n\t\t","protected":false},"excerpt":{"rendered":"<p>Sizden haber almaktan mutluluk duyar\u0131z Bizimle \u0130leti\u015fime Ge\u00e7in Maecenas tempus, tellus eget condimentum rhoncus, sem quam semper libero, sit amet adipiscing sem neque sed ipsum. Nam quam nunc, blandit vel, luctus pulvinar, hendrerit id, lorem. Maecenas nec odio et ante tincidunt tempus. Adres Ankara \/ T\u00fcrkiye \u00c7al\u0131\u015fma Saatleri Hafta \u0130\u00e7i: 8:00 \u2013 19:00 Telefon +908503055052 [&hellip;]<\/p>\n","protected":false},"author":1,"featured_media":0,"parent":0,"menu_order":0,"comment_status":"closed","ping_status":"closed","template":"","meta":{"footnotes":""},"class_list":["post-2326","page","type-page","status-publish","hentry"],"_links":{"self":[{"href":"https:\/\/demo.wt.tr\/dental\/wp-json\/wp\/v2\/pages\/2326","targetHints":{"allow":["GET"]}}],"collection":[{"href":"https:\/\/demo.wt.tr\/dental\/wp-json\/wp\/v2\/pages"}],"about":[{"href":"https:\/\/demo.wt.tr\/dental\/wp-json\/wp\/v2\/types\/page"}],"author":[{"embeddable":true,"href":"https:\/\/demo.wt.tr\/dental\/wp-json\/wp\/v2\/users\/1"}],"replies":[{"embeddable":true,"href":"https:\/\/demo.wt.tr\/dental\/wp-json\/wp\/v2\/comments?post=2326"}],"version-history":[{"count":4,"href":"https:\/\/demo.wt.tr\/dental\/wp-json\/wp\/v2\/pages\/2326\/revisions"}],"predecessor-version":[{"id":3957,"href":"https:\/\/demo.wt.tr\/dental\/wp-json\/wp\/v2\/pages\/2326\/revisions\/3957"}],"wp:attachment":[{"href":"https:\/\/demo.wt.tr\/dental\/wp-json\/wp\/v2\/media?parent=2326"}],"curies":[{"name":"wp","href":"https:\/\/api.w.org\/{rel}","templated":true}]}}